{"id":1013,"date":"2023-11-23T15:47:45","date_gmt":"2023-11-23T15:47:45","guid":{"rendered":"\/?page_id=1013"},"modified":"2025-11-10T11:34:21","modified_gmt":"2025-11-10T11:34:21","slug":"stark-startseite","status":"publish","type":"page","link":"https:\/\/stark-fitness.eu\/","title":{"rendered":"STARK Startseite"},"content":{"rendered":"\t\t<div data-elementor-type=\"wp-page\" data-elementor-id=\"1013\" class=\"elementor elementor-1013\">\n\t\t\t\t\t\t<section class=\"elementor-section elementor-top-section elementor-element elementor-element-d0b5077 elementor-section-boxed elementor-section-height-default elementor-section-height-default\" data-id=\"d0b5077\" data-element_type=\"section\" data-settings=\"{&quot;background_background&quot;:&quot;classic&quot;}\">\n\t\t\t\t\t\t\t<div class=\"elementor-background-overlay\"><\/div>\n\t\t\t\t\t\t\t<div class=\"elementor-container elementor-column-gap-default\">\n\t\t\t\t\t<div class=\"elementor-column elementor-col-100 elementor-top-column elementor-element elementor-element-3d10727\" data-id=\"3d10727\" data-element_type=\"column\" data-settings=\"{&quot;background_background&quot;:&quot;classic&quot;}\">\n\t\t\t<div class=\"elementor-widget-wrap elementor-element-populated\">\n\t\t\t\t\t\t<div class=\"elementor-element elementor-element-702c2cc elementor-widget elementor-widget-heading\" data-id=\"702c2cc\" data-element_type=\"widget\" data-widget_type=\"heading.default\">\n\t\t\t\t<div class=\"elementor-widget-container\">\n\t\t\t\t\t<h2 class=\"elementor-heading-title elementor-size-default\">Willkommen bei STARK Fitness &amp; Lifestyle<\/h2>\t\t\t\t<\/div>\n\t\t\t\t<\/div>\n\t\t\t\t<div class=\"elementor-element elementor-element-e85532b elementor-widget__width-initial elementor-widget-divider--view-line elementor-widget elementor-widget-divider\" data-id=\"e85532b\" data-element_type=\"widget\" data-widget_type=\"divider.default\">\n\t\t\t\t<div class=\"elementor-widget-container\">\n\t\t\t\t\t\t\t<div class=\"elementor-divider\">\n\t\t\t<span class=\"elementor-divider-separator\">\n\t\t\t\t\t\t<\/span>\n\t\t<\/div>\n\t\t\t\t\t\t<\/div>\n\t\t\t\t<\/div>\n\t\t\t\t<div class=\"elementor-element elementor-element-63abafa elementor-widget__width-initial elementor-widget elementor-widget-heading\" data-id=\"63abafa\" data-element_type=\"widget\" data-widget_type=\"heading.default\">\n\t\t\t\t<div class=\"elementor-widget-container\">\n\t\t\t\t\t<h2 class=\"elementor-heading-title elementor-size-default\">W\u00e4hle Deinen Club<\/h2>\t\t\t\t<\/div>\n\t\t\t\t<\/div>\n\t\t\t\t<div class=\"elementor-element elementor-element-0859d4e elementor-widget__width-initial elementor-widget-divider--view-line elementor-widget elementor-widget-divider\" data-id=\"0859d4e\" data-element_type=\"widget\" data-widget_type=\"divider.default\">\n\t\t\t\t<div class=\"elementor-widget-container\">\n\t\t\t\t\t\t\t<div class=\"elementor-divider\">\n\t\t\t<span class=\"elementor-divider-separator\">\n\t\t\t\t\t\t<\/span>\n\t\t<\/div>\n\t\t\t\t\t\t<\/div>\n\t\t\t\t<\/div>\n\t\t\t\t<section class=\"elementor-section elementor-inner-section elementor-element elementor-element-453370b elementor-section-boxed elementor-section-height-default elementor-section-height-default\" data-id=\"453370b\" data-element_type=\"section\">\n\t\t\t\t\t\t<div class=\"elementor-container elementor-column-gap-default\">\n\t\t\t\t\t<div class=\"elementor-column elementor-col-50 elementor-inner-column elementor-element elementor-element-d5954ae\" data-id=\"d5954ae\" data-element_type=\"column\" data-settings=\"{&quot;background_background&quot;:&quot;classic&quot;}\">\n\t\t\t<div class=\"elementor-widget-wrap elementor-element-populated\">\n\t\t\t\t\t\t<div class=\"elementor-element elementor-element-6da94f1 elementor-widget elementor-widget-heading\" data-id=\"6da94f1\" data-element_type=\"widget\" data-widget_type=\"heading.default\">\n\t\t\t\t<div class=\"elementor-widget-container\">\n\t\t\t\t\t<h2 class=\"elementor-heading-title elementor-size-default\">STARK ANRATH<\/h2>\t\t\t\t<\/div>\n\t\t\t\t<\/div>\n\t\t\t\t<div class=\"elementor-element elementor-element-7678977 elementor-widget elementor-widget-image\" data-id=\"7678977\" data-element_type=\"widget\" data-widget_type=\"image.default\">\n\t\t\t\t<div class=\"elementor-widget-container\">\n\t\t\t\t\t\t\t\t\t\t\t\t\t\t\t\t<a href=\"https:\/\/stark-fitness.eu\/index.php\/home-anrath\/\">\n\t\t\t\t\t\t\t<img fetchpriority=\"high\" decoding=\"async\" width=\"2048\" height=\"1362\" src=\"\/stark-content\/uploads\/2023\/11\/202207281154_Bild5-2048x1362.jpeg\" class=\"elementor-animation-shrink attachment-2048x2048 size-2048x2048 wp-image-604\" alt=\"\" srcset=\"\/stark-content\/uploads\/2023\/11\/202207281154_Bild5-2048x1362.jpeg 2048w, \/stark-content\/uploads\/2023\/11\/202207281154_Bild5-300x200.jpeg 300w, \/stark-content\/uploads\/2023\/11\/202207281154_Bild5-1024x681.jpeg 1024w, \/stark-content\/uploads\/2023\/11\/202207281154_Bild5-768x511.jpeg 768w, \/stark-content\/uploads\/2023\/11\/202207281154_Bild5-1536x1022.jpeg 1536w\" sizes=\"(max-width: 2048px) 100vw, 2048px\" \/>\t\t\t\t\t\t\t\t<\/a>\n\t\t\t\t\t\t\t\t\t\t\t\t\t\t\t<\/div>\n\t\t\t\t<\/div>\n\t\t\t\t<div class=\"elementor-element elementor-element-021fa4a elementor-align-center elementor-widget elementor-widget-button\" data-id=\"021fa4a\" data-element_type=\"widget\" data-widget_type=\"button.default\">\n\t\t\t\t<div class=\"elementor-widget-container\">\n\t\t\t\t\t\t\t\t\t<div class=\"elementor-button-wrapper\">\n\t\t\t\t\t<a class=\"elementor-button elementor-button-link elementor-size-sm elementor-animation-shrink\" href=\"https:\/\/stark-fitness.eu\/index.php\/home-anrath\/\">\n\t\t\t\t\t\t<span class=\"elementor-button-content-wrapper\">\n\t\t\t\t\t\t\t\t\t<span class=\"elementor-button-text\">Zur Webseite<\/span>\n\t\t\t\t\t<\/span>\n\t\t\t\t\t<\/a>\n\t\t\t\t<\/div>\n\t\t\t\t\t\t\t\t<\/div>\n\t\t\t\t<\/div>\n\t\t\t\t<div class=\"elementor-element elementor-element-d941ccd elementor-widget elementor-widget-text-editor\" data-id=\"d941ccd\" data-element_type=\"widget\" data-widget_type=\"text-editor.default\">\n\t\t\t\t<div class=\"elementor-widget-container\">\n\t\t\t\t\t\t\t\t\t<p>STARK Fitness &amp; Lifestyle Anrath<br \/>Jakob-Krebs-Stra\u00dfe 124d<br \/>47877\u00a0\u00a0Willich-Anrath<\/p>\t\t\t\t\t\t\t\t<\/div>\n\t\t\t\t<\/div>\n\t\t\t\t\t<\/div>\n\t\t<\/div>\n\t\t\t\t<div class=\"elementor-column elementor-col-50 elementor-inner-column elementor-element elementor-element-83b5dca\" data-id=\"83b5dca\" data-element_type=\"column\" data-settings=\"{&quot;background_background&quot;:&quot;classic&quot;}\">\n\t\t\t<div class=\"elementor-widget-wrap elementor-element-populated\">\n\t\t\t\t\t\t<div class=\"elementor-element elementor-element-05f76b5 elementor-widget elementor-widget-heading\" data-id=\"05f76b5\" data-element_type=\"widget\" data-widget_type=\"heading.default\">\n\t\t\t\t<div class=\"elementor-widget-container\">\n\t\t\t\t\t<h2 class=\"elementor-heading-title elementor-size-default\">STARK D\u00dcLKEN<\/h2>\t\t\t\t<\/div>\n\t\t\t\t<\/div>\n\t\t\t\t<div class=\"elementor-element elementor-element-18480dc elementor-widget elementor-widget-image\" data-id=\"18480dc\" data-element_type=\"widget\" data-widget_type=\"image.default\">\n\t\t\t\t<div class=\"elementor-widget-container\">\n\t\t\t\t\t\t\t\t\t\t\t\t\t\t\t\t<a href=\"https:\/\/stark-fitness.eu\/index.php\/home-dulken\/\">\n\t\t\t\t\t\t\t<img decoding=\"async\" width=\"1024\" height=\"682\" src=\"\/stark-content\/uploads\/2025\/11\/Gros-DSC02162-1024x682.webp\" class=\"elementor-animation-shrink attachment-large size-large wp-image-3979\" alt=\"\" srcset=\"\/stark-content\/uploads\/2025\/11\/Gros-DSC02162-1024x682.webp 1024w, \/stark-content\/uploads\/2025\/11\/Gros-DSC02162-300x200.webp 300w, \/stark-content\/uploads\/2025\/11\/Gros-DSC02162-768x512.webp 768w, \/stark-content\/uploads\/2025\/11\/Gros-DSC02162.webp 1280w\" sizes=\"(max-width: 1024px) 100vw, 1024px\" \/>\t\t\t\t\t\t\t\t<\/a>\n\t\t\t\t\t\t\t\t\t\t\t\t\t\t\t<\/div>\n\t\t\t\t<\/div>\n\t\t\t\t<div class=\"elementor-element elementor-element-6dbd3fe elementor-align-center elementor-widget elementor-widget-button\" data-id=\"6dbd3fe\" data-element_type=\"widget\" data-widget_type=\"button.default\">\n\t\t\t\t<div class=\"elementor-widget-container\">\n\t\t\t\t\t\t\t\t\t<div class=\"elementor-button-wrapper\">\n\t\t\t\t\t<a class=\"elementor-button elementor-button-link elementor-size-sm elementor-animation-shrink\" href=\"https:\/\/stark-fitness.eu\/index.php\/home-dulken\/\">\n\t\t\t\t\t\t<span class=\"elementor-button-content-wrapper\">\n\t\t\t\t\t\t\t\t\t<span class=\"elementor-button-text\">Zur Webseite<\/span>\n\t\t\t\t\t<\/span>\n\t\t\t\t\t<\/a>\n\t\t\t\t<\/div>\n\t\t\t\t\t\t\t\t<\/div>\n\t\t\t\t<\/div>\n\t\t\t\t<div class=\"elementor-element elementor-element-02ce3c5 elementor-widget elementor-widget-text-editor\" data-id=\"02ce3c5\" data-element_type=\"widget\" data-widget_type=\"text-editor.default\">\n\t\t\t\t<div class=\"elementor-widget-container\">\n\t\t\t\t\t\t\t\t\t<p>STARK Fitness &amp; Lifestyle D\u00fclken<br>Viersener Stra\u00dfe 99a<br>41751 Viersen-D\u00fclken<\/p>\t\t\t\t\t\t\t\t<\/div>\n\t\t\t\t<\/div>\n\t\t\t\t\t<\/div>\n\t\t<\/div>\n\t\t\t\t\t<\/div>\n\t\t<\/section>\n\t\t\t\t\t<\/div>\n\t\t<\/div>\n\t\t\t\t\t<\/div>\n\t\t<\/section>\n\t\t\t\t<\/div>\n\t\t","protected":false},"excerpt":{"rendered":"<p>Willkommen bei STARK Fitness &amp; Lifestyle W\u00e4hle Deinen Club STARK ANRATH Zur Webseite STARK Fitness &amp; Lifestyle AnrathJakob-Krebs-Stra\u00dfe 124d47877\u00a0\u00a0Willich-Anrath STARK D\u00dcLKEN Zur Webseite STARK Fitness &amp; Lifestyle D\u00fclkenViersener Stra\u00dfe 99a41751 Viersen-D\u00fclken<\/p>\n","protected":false},"author":1,"featured_media":0,"parent":0,"menu_order":0,"comment_status":"closed","ping_status":"closed","template":"","meta":{"ocean_post_layout":"full-screen","ocean_both_sidebars_style":"","ocean_both_sidebars_content_width":0,"ocean_both_sidebars_sidebars_width":0,"ocean_sidebar":"","ocean_second_sidebar":"","ocean_disable_margins":"on","ocean_add_body_class":"","ocean_shortcode_before_top_bar":"","ocean_shortcode_after_top_bar":"","ocean_shortcode_before_header":"","ocean_shortcode_after_header":"","ocean_has_shortcode":"","ocean_shortcode_after_title":"","ocean_shortcode_before_footer_widgets":"","ocean_shortcode_after_footer_widgets":"","ocean_shortcode_before_footer_bottom":"","ocean_shortcode_after_footer_bottom":"","ocean_display_top_bar":"off","ocean_display_header":"off","ocean_header_style":"","ocean_center_header_left_menu":"","ocean_custom_header_template":"","ocean_custom_logo":0,"ocean_custom_retina_logo":0,"ocean_custom_logo_max_width":0,"ocean_custom_logo_tablet_max_width":0,"ocean_custom_logo_mobile_max_width":0,"ocean_custom_logo_max_height":0,"ocean_custom_logo_tablet_max_height":0,"ocean_custom_logo_mobile_max_height":0,"ocean_header_custom_menu":"","ocean_menu_typo_font_family":"","ocean_menu_typo_font_subset":"","ocean_menu_typo_font_size":0,"ocean_menu_typo_font_size_tablet":0,"ocean_menu_typo_font_size_mobile":0,"ocean_menu_typo_font_size_unit":"px","ocean_menu_typo_font_weight":"","ocean_menu_typo_font_weight_tablet":"","ocean_menu_typo_font_weight_mobile":"","ocean_menu_typo_transform":"","ocean_menu_typo_transform_tablet":"","ocean_menu_typo_transform_mobile":"","ocean_menu_typo_line_height":0,"ocean_menu_typo_line_height_tablet":0,"ocean_menu_typo_line_height_mobile":0,"ocean_menu_typo_line_height_unit":"","ocean_menu_typo_spacing":0,"ocean_menu_typo_spacing_tablet":0,"ocean_menu_typo_spacing_mobile":0,"ocean_menu_typo_spacing_unit":"","ocean_menu_link_color":"","ocean_menu_link_color_hover":"","ocean_menu_link_color_active":"","ocean_menu_link_background":"","ocean_menu_link_hover_background":"","ocean_menu_link_active_background":"","ocean_menu_social_links_bg":"","ocean_menu_social_hover_links_bg":"","ocean_menu_social_links_color":"","ocean_menu_social_hover_links_color":"","ocean_disable_title":"on","ocean_disable_heading":"default","ocean_post_title":"","ocean_post_subheading":"","ocean_post_title_style":"","ocean_post_title_background_color":"","ocean_post_title_background":0,"ocean_post_title_bg_image_position":"","ocean_post_title_bg_image_attachment":"","ocean_post_title_bg_image_repeat":"","ocean_post_title_bg_image_size":"","ocean_post_title_height":0,"ocean_post_title_bg_overlay":0.5,"ocean_post_title_bg_overlay_color":"","ocean_disable_breadcrumbs":"default","ocean_breadcrumbs_color":"","ocean_breadcrumbs_separator_color":"","ocean_breadcrumbs_links_color":"","ocean_breadcrumbs_links_hover_color":"","ocean_display_footer_widgets":"off","ocean_display_footer_bottom":"off","ocean_custom_footer_template":"","footnotes":""},"class_list":["post-1013","page","type-page","status-publish","hentry","entry"],"yoast_head":"<!-- This site is optimized with the Yoast SEO plugin v24.2 - https:\/\/yoast.com\/wordpress\/plugins\/seo\/ -->\n<title>STARK Startseite - STARK Fitness<\/title>\n<meta name=\"robots\" content=\"index, follow, max-snippet:-1, max-image-preview:large, max-video-preview:-1\" \/>\n<link rel=\"canonical\" href=\"https:\/\/stark-fitness.eu\/\" \/>\n<meta property=\"og:locale\" content=\"de_DE\" \/>\n<meta property=\"og:type\" content=\"article\" \/>\n<meta property=\"og:title\" content=\"STARK Startseite - STARK Fitness\" \/>\n<meta property=\"og:description\" content=\"Willkommen bei STARK Fitness &amp; Lifestyle W\u00e4hle Deinen Club STARK ANRATH Zur Webseite STARK Fitness &amp; Lifestyle AnrathJakob-Krebs-Stra\u00dfe 124d47877\u00a0\u00a0Willich-Anrath STARK D\u00dcLKEN Zur Webseite STARK Fitness &amp; Lifestyle D\u00fclkenViersener Stra\u00dfe 99a41751 Viersen-D\u00fclken\" \/>\n<meta property=\"og:url\" content=\"https:\/\/stark-fitness.eu\/\" \/>\n<meta property=\"og:site_name\" content=\"STARK Fitness\" \/>\n<meta property=\"article:modified_time\" content=\"2025-11-10T11:34:21+00:00\" \/>\n<meta name=\"twitter:card\" content=\"summary_large_image\" \/>\n<meta name=\"twitter:label1\" content=\"Gesch\u00e4tzte Lesezeit\" \/>\n\t<meta name=\"twitter:data1\" content=\"1 Minute\" \/>\n<script type=\"application\/ld+json\" class=\"yoast-schema-graph\">{\"@context\":\"https:\/\/schema.org\",\"@graph\":[{\"@type\":\"WebPage\",\"@id\":\"https:\/\/stark-fitness.eu\/\",\"url\":\"https:\/\/stark-fitness.eu\/\",\"name\":\"STARK Startseite - STARK Fitness\",\"isPartOf\":{\"@id\":\"https:\/\/stark-fitness.eu\/#website\"},\"datePublished\":\"2023-11-23T15:47:45+00:00\",\"dateModified\":\"2025-11-10T11:34:21+00:00\",\"breadcrumb\":{\"@id\":\"https:\/\/stark-fitness.eu\/#breadcrumb\"},\"inLanguage\":\"de\",\"potentialAction\":[{\"@type\":\"ReadAction\",\"target\":[\"https:\/\/stark-fitness.eu\/\"]}]},{\"@type\":\"BreadcrumbList\",\"@id\":\"https:\/\/stark-fitness.eu\/#breadcrumb\",\"itemListElement\":[{\"@type\":\"ListItem\",\"position\":1,\"name\":\"Startseite\",\"item\":\"https:\/\/stark-fitness.eu\/\"},{\"@type\":\"ListItem\",\"position\":2,\"name\":\"STARK Startseite\"}]},{\"@type\":\"WebSite\",\"@id\":\"https:\/\/stark-fitness.eu\/#website\",\"url\":\"https:\/\/stark-fitness.eu\/\",\"name\":\"STARK Fitness\",\"description\":\"STARK SEIN STARK BLEIBEN.\",\"publisher\":{\"@id\":\"https:\/\/stark-fitness.eu\/#organization\"},\"potentialAction\":[{\"@type\":\"SearchAction\",\"target\":{\"@type\":\"EntryPoint\",\"urlTemplate\":\"https:\/\/stark-fitness.eu\/?s={search_term_string}\"},\"query-input\":{\"@type\":\"PropertyValueSpecification\",\"valueRequired\":true,\"valueName\":\"search_term_string\"}}],\"inLanguage\":\"de\"},{\"@type\":\"Organization\",\"@id\":\"https:\/\/stark-fitness.eu\/#organization\",\"name\":\"STARK Fitness\",\"url\":\"https:\/\/stark-fitness.eu\/\",\"logo\":{\"@type\":\"ImageObject\",\"inLanguage\":\"de\",\"@id\":\"https:\/\/stark-fitness.eu\/#\/schema\/logo\/image\/\",\"url\":\"\/stark-content\/uploads\/2023\/08\/Stark_Lowenkopf_auf_schwarz.png\",\"contentUrl\":\"\/stark-content\/uploads\/2023\/08\/Stark_Lowenkopf_auf_schwarz.png\",\"width\":350,\"height\":350,\"caption\":\"STARK Fitness\"},\"image\":{\"@id\":\"https:\/\/stark-fitness.eu\/#\/schema\/logo\/image\/\"}}]}<\/script>\n<!-- \/ Yoast SEO plugin. -->","yoast_head_json":{"title":"STARK Startseite - STARK Fitness","robots":{"index":"index","follow":"follow","max-snippet":"max-snippet:-1","max-image-preview":"max-image-preview:large","max-video-preview":"max-video-preview:-1"},"canonical":"https:\/\/stark-fitness.eu\/","og_locale":"de_DE","og_type":"article","og_title":"STARK Startseite - STARK Fitness","og_description":"Willkommen bei STARK Fitness &amp; Lifestyle W\u00e4hle Deinen Club STARK ANRATH Zur Webseite STARK Fitness &amp; Lifestyle AnrathJakob-Krebs-Stra\u00dfe 124d47877\u00a0\u00a0Willich-Anrath STARK D\u00dcLKEN Zur Webseite STARK Fitness &amp; Lifestyle D\u00fclkenViersener Stra\u00dfe 99a41751 Viersen-D\u00fclken","og_url":"https:\/\/stark-fitness.eu\/","og_site_name":"STARK Fitness","article_modified_time":"2025-11-10T11:34:21+00:00","twitter_card":"summary_large_image","twitter_misc":{"Gesch\u00e4tzte Lesezeit":"1 Minute"},"schema":{"@context":"https:\/\/schema.org","@graph":[{"@type":"WebPage","@id":"https:\/\/stark-fitness.eu\/","url":"https:\/\/stark-fitness.eu\/","name":"STARK Startseite - STARK Fitness","isPartOf":{"@id":"https:\/\/stark-fitness.eu\/#website"},"datePublished":"2023-11-23T15:47:45+00:00","dateModified":"2025-11-10T11:34:21+00:00","breadcrumb":{"@id":"https:\/\/stark-fitness.eu\/#breadcrumb"},"inLanguage":"de","potentialAction":[{"@type":"ReadAction","target":["https:\/\/stark-fitness.eu\/"]}]},{"@type":"BreadcrumbList","@id":"https:\/\/stark-fitness.eu\/#breadcrumb","itemListElement":[{"@type":"ListItem","position":1,"name":"Startseite","item":"https:\/\/stark-fitness.eu\/"},{"@type":"ListItem","position":2,"name":"STARK Startseite"}]},{"@type":"WebSite","@id":"https:\/\/stark-fitness.eu\/#website","url":"https:\/\/stark-fitness.eu\/","name":"STARK Fitness","description":"STARK SEIN STARK BLEIBEN.","publisher":{"@id":"https:\/\/stark-fitness.eu\/#organization"},"potentialAction":[{"@type":"SearchAction","target":{"@type":"EntryPoint","urlTemplate":"https:\/\/stark-fitness.eu\/?s={search_term_string}"},"query-input":{"@type":"PropertyValueSpecification","valueRequired":true,"valueName":"search_term_string"}}],"inLanguage":"de"},{"@type":"Organization","@id":"https:\/\/stark-fitness.eu\/#organization","name":"STARK Fitness","url":"https:\/\/stark-fitness.eu\/","logo":{"@type":"ImageObject","inLanguage":"de","@id":"https:\/\/stark-fitness.eu\/#\/schema\/logo\/image\/","url":"\/stark-content\/uploads\/2023\/08\/Stark_Lowenkopf_auf_schwarz.png","contentUrl":"\/stark-content\/uploads\/2023\/08\/Stark_Lowenkopf_auf_schwarz.png","width":350,"height":350,"caption":"STARK Fitness"},"image":{"@id":"https:\/\/stark-fitness.eu\/#\/schema\/logo\/image\/"}}]}},"_links":{"self":[{"href":"https:\/\/stark-fitness.eu\/index.php\/wp-json\/wp\/v2\/pages\/1013","targetHints":{"allow":["GET"]}}],"collection":[{"href":"https:\/\/stark-fitness.eu\/index.php\/wp-json\/wp\/v2\/pages"}],"about":[{"href":"https:\/\/stark-fitness.eu\/index.php\/wp-json\/wp\/v2\/types\/page"}],"author":[{"embeddable":true,"href":"https:\/\/stark-fitness.eu\/index.php\/wp-json\/wp\/v2\/users\/1"}],"replies":[{"embeddable":true,"href":"https:\/\/stark-fitness.eu\/index.php\/wp-json\/wp\/v2\/comments?post=1013"}],"version-history":[{"count":161,"href":"https:\/\/stark-fitness.eu\/index.php\/wp-json\/wp\/v2\/pages\/1013\/revisions"}],"predecessor-version":[{"id":4013,"href":"https:\/\/stark-fitness.eu\/index.php\/wp-json\/wp\/v2\/pages\/1013\/revisions\/4013"}],"wp:attachment":[{"href":"https:\/\/stark-fitness.eu\/index.php\/wp-json\/wp\/v2\/media?parent=1013"}],"curies":[{"name":"wp","href":"https:\/\/api.w.org\/{rel}","templated":true}]}}