{"id":3391,"date":"2025-07-18T10:18:51","date_gmt":"2025-07-18T10:18:51","guid":{"rendered":"https:\/\/stark-fitness.eu\/?page_id=3391"},"modified":"2025-08-20T14:55:48","modified_gmt":"2025-08-20T14:55:48","slug":"d-agb","status":"publish","type":"page","link":"https:\/\/stark-fitness.eu\/index.php\/d-agb\/","title":{"rendered":"D -AGB"},"content":{"rendered":"\t\t<div data-elementor-type=\"wp-page\" data-elementor-id=\"3391\" class=\"elementor elementor-3391\">\n\t\t\t\t\t\t<section class=\"elementor-section elementor-top-section elementor-element elementor-element-8b47cd4 elementor-section-boxed elementor-section-height-default elementor-section-height-default\" data-id=\"8b47cd4\" data-element_type=\"section\" data-settings=\"{&quot;background_background&quot;:&quot;classic&quot;}\">\n\t\t\t\t\t\t<div class=\"elementor-container elementor-column-gap-default\">\n\t\t\t\t\t<div class=\"elementor-column elementor-col-100 elementor-top-column elementor-element elementor-element-d923a7f\" data-id=\"d923a7f\" data-element_type=\"column\">\n\t\t\t<div class=\"elementor-widget-wrap elementor-element-populated\">\n\t\t\t\t\t\t<div class=\"elementor-element elementor-element-f349cce elementor-widget__width-initial elementor-widget elementor-widget-heading\" data-id=\"f349cce\" data-element_type=\"widget\" data-widget_type=\"heading.default\">\n\t\t\t\t<div class=\"elementor-widget-container\">\n\t\t\t\t\t<h2 class=\"elementor-heading-title elementor-size-default\">AGB<\/h2>\t\t\t\t<\/div>\n\t\t\t\t<\/div>\n\t\t\t\t<div class=\"elementor-element elementor-element-159ae52 elementor-widget-divider--view-line elementor-widget elementor-widget-divider\" data-id=\"159ae52\" data-element_type=\"widget\" data-widget_type=\"divider.default\">\n\t\t\t\t<div class=\"elementor-widget-container\">\n\t\t\t\t\t\t\t<div class=\"elementor-divider\">\n\t\t\t<span class=\"elementor-divider-separator\">\n\t\t\t\t\t\t<\/span>\n\t\t<\/div>\n\t\t\t\t\t\t<\/div>\n\t\t\t\t<\/div>\n\t\t\t\t<div class=\"elementor-element elementor-element-7ce9484 elementor-widget elementor-widget-heading\" data-id=\"7ce9484\" data-element_type=\"widget\" data-widget_type=\"heading.default\">\n\t\t\t\t<div class=\"elementor-widget-container\">\n\t\t\t\t\t<h2 class=\"elementor-heading-title elementor-size-default\">Allgemeine Gesch\u00e4ftsbedingungen (AGB) - \n STARK Fitness &amp; Lifestyle D\u00fclken UG (haftungsbeschr\u00e4nkt)<\/h2>\t\t\t\t<\/div>\n\t\t\t\t<\/div>\n\t\t\t\t<div class=\"elementor-element elementor-element-cd67696 elementor-widget-divider--view-line elementor-widget elementor-widget-divider\" data-id=\"cd67696\" data-element_type=\"widget\" data-widget_type=\"divider.default\">\n\t\t\t\t<div class=\"elementor-widget-container\">\n\t\t\t\t\t\t\t<div class=\"elementor-divider\">\n\t\t\t<span class=\"elementor-divider-separator\">\n\t\t\t\t\t\t<\/span>\n\t\t<\/div>\n\t\t\t\t\t\t<\/div>\n\t\t\t\t<\/div>\n\t\t\t\t<div class=\"elementor-element elementor-element-6fa5ac2 elementor-widget elementor-widget-text-editor\" data-id=\"6fa5ac2\" data-element_type=\"widget\" data-widget_type=\"text-editor.default\">\n\t\t\t\t<div class=\"elementor-widget-container\">\n\t\t\t\t\t\t\t\t\t<ol><li data-start=\"228\" data-end=\"600\"><p data-start=\"231\" data-end=\"600\">Der Vertrag wird \u00fcber den umseitig angegebenen Zeitraum abgeschlossen. Er verl\u00e4ngert sich jeweils um 1 Monat bei einer 12 Monats Mitgliedschaft und um 1 Monat bei einer 24 Monats Mitgliedschaft, falls er nicht mindestens 1 Monat vor Ablauf von einer der Vertragsparteien schriftlich gek\u00fcndigt wird. Das Recht auf au\u00dferordentliche K\u00fcndigung bleibt hiervon unber\u00fchrt.<\/p><\/li><li data-start=\"602\" data-end=\"1221\"><p data-start=\"605\" data-end=\"1221\">Der Mitgliedsvertrag kann aus wichtigem Grund vorzeitig gek\u00fcndigt werden. Als wichtiger Grund gilt insbesondere eine andauernd bleibende Erkrankung, die nicht schon vor Abschluss der Mitgliedschaft bestanden hat und welche das Training unm\u00f6glich macht, oder eine Schwangerschaft. Die K\u00fcndigungsfrist hierf\u00fcr betr\u00e4gt 4 Wochen, wobei die eingehende K\u00fcndigung nur mit einem \u00e4rztlichen Attest a. o. angenommen wird. Das Attest bzw. die Best\u00e4tigung muss zeitnah eingereicht werden. Vorausbezahlte Beitr\u00e4ge werden dann verrechnet und zur\u00fcckerstattet. Auch das \u201eSTARK Fitness + Lifestyle\u201c kann aus wichtigem Grund k\u00fcndigen.<\/p><\/li><li data-start=\"1223\" data-end=\"1680\"><p data-start=\"1226\" data-end=\"1680\">Der Vertrag kann auch aus wichtigem Grund stillgelegt werden. Als wichtiger Grund gilt insbesondere eine zeitweilige Erkrankung oder ein zeitlich begrenzter Wohnortwechsel. In beiden F\u00e4llen muss die Dauer mindestens 4 Wochen \u00fcberschreiten. S\u00e4mtliche Stilllegungen werden immer nur auf ganze Monate verrechnet. Ein Attest bzw. die Best\u00e4tigung des Arbeitgebers muss zeitnah eingereicht werden. Vorausbezahlte Beitr\u00e4ge werden nach Wiederantritt angerechnet.<\/p><\/li><li data-start=\"1682\" data-end=\"1878\"><p data-start=\"1685\" data-end=\"1878\">Der Mitgliedsbeitrag ist auch dann regelm\u00e4\u00dfig bis zum vereinbarten Vertragsende zu zahlen, wenn das Mitglied die Einrichtungen nicht in Anspruch nimmt, aus Gr\u00fcnden, die in seiner Person liegen.<\/p><\/li><li data-start=\"1880\" data-end=\"2184\"><p data-start=\"1883\" data-end=\"2184\">Die Mitgliedsbeitr\u00e4ge werden jeweils zum Monatsstart bzw. zum 15. jeden Monats im Voraus f\u00e4llig und werden per Lastschrifteinzug eingezogen. Bankr\u00fccklastschriften sind vom Mitglied zu tragen. F\u00fcr Mahnschreiben wird eine Geb\u00fchr von 5 \u20ac f\u00e4llig. Eine \u00c4nderung der Bankverbindung ist umgehend mitzuteilen.<\/p><\/li><li data-start=\"2186\" data-end=\"2407\"><p data-start=\"2189\" data-end=\"2407\">Alle Module sind zu- und abw\u00e4hlbar, bei einer Mindestlaufzeit von 1 Monat. Das Abw\u00e4hlen muss bei Lastschrifteinz\u00fcgen mindestens 1 Woche vorher angek\u00fcndigt werden. Zu sp\u00e4t abgew\u00e4hlte Module werden nicht zur\u00fcckerstattet.<\/p><\/li><li data-start=\"2409\" data-end=\"2758\"><p data-start=\"2412\" data-end=\"2758\">Sobald das Mitglied mit mehr als 2 Monatsbeitr\u00e4gen im Verzug kommt, wird der Vertrag zum Laufzeitende gek\u00fcndigt und die Beitr\u00e4ge werden bis Vertragsende geltend gemacht. F\u00fcr diesen Fall beh\u00e4lt sich das \u201eSTARK Fitness + Lifestyle\u201c eine \u00dcbergabe der Forderungen an ein Inkassounternehmen vor. Daraus entstehende Kosten tr\u00e4gt ebenfalls das Mitglied.<\/p><\/li><li data-start=\"2760\" data-end=\"3024\"><p data-start=\"2763\" data-end=\"3024\">Das Mitglied ist damit einverstanden, dass nach jeder Verl\u00e4ngerung der Nutzungsvereinbarung die Mitgliedsgeb\u00fchr angehoben werden kann, und zwar nach 3-monatiger Vorank\u00fcndigung zum n\u00e4chsten Monatsstart. Die Vorank\u00fcndigung per Geb\u00fchr gilt f\u00fcr mindestens ein Jahr.<\/p><\/li><li data-start=\"3026\" data-end=\"3240\"><p data-start=\"3029\" data-end=\"3240\">Das Mitglied ist berechtigt, die jeweils vertraglich vereinbarten Einrichtungen zu den offiziellen Trainingszeiten zu benutzen. Diese werden durch Aushang bekannt gegeben. \u00c4nderungen hierbei bleiben vorbehalten.<\/p><\/li><li data-start=\"3242\" data-end=\"3520\"><p data-start=\"3246\" data-end=\"3520\">Das \u201eSTARK Fitness + Lifestyle\u201c beh\u00e4lt sich vor, die \u00d6ffnungszeiten der Einrichtung in zumutbarer Weise zu \u00e4ndern und\/oder Teilbereiche wegen Reparatur- oder Wartungsarbeiten zeitweise zu sperren. Das Mitglied hat in solchen F\u00e4llen keinen Anspruch auf Beitragsr\u00fcckverg\u00fctung.<\/p><\/li><li data-start=\"3522\" data-end=\"4246\"><p data-start=\"3526\" data-end=\"4246\">Das Mitglied verpflichtet sich, den Mitgliedsschl\u00fcssel nur pers\u00f6nlich zu verwenden und diesen nicht Dritten zu \u00fcberlassen. Das Mitglied haftet gegen\u00fcber dem Studio f\u00fcr Sch\u00e4den aufgrund des Missbrauchs des Mitgliedsschl\u00fcssels, soweit das Mitglied den Missbrauch vors\u00e4tzlich oder fahrl\u00e4ssig erm\u00f6glicht hat. Jeder Verlust des Schl\u00fcssels ist sofort zu melden. F\u00fcr jeden Versto\u00df hiergegen verpflichtet sich das Mitglied zur Zahlung eines pauschalierten Schadensersatzanspruchs in H\u00f6he von 250 \u20ac. Die Geltendmachung eines \u00fcber diesen Betrag hinausgehenden Schadens bleibt vorbehalten. Weist das Mitglied nach, dass ein geringerer oder gar kein Schaden entstanden ist, schuldet das Mitglied lediglich den nachgewiesenen Betrag.<\/p><\/li><li data-start=\"4248\" data-end=\"4393\"><p data-start=\"4252\" data-end=\"4393\">Bei Verlust oder Besch\u00e4digung des Mitgliedsschl\u00fcssels wird eine Bearbeitungsgeb\u00fchr von 10 \u20ac f\u00fcr das Ausstellen eines neuen Schl\u00fcssels f\u00e4llig.<\/p><\/li><li data-start=\"4395\" data-end=\"4580\"><p data-start=\"4399\" data-end=\"4580\">Das \u201eSTARK Fitness + Lifestyle\u201c verpflichtet sich, Daten, die sich aus der Vertragsdurchf\u00fchrung ergeben, nur im erforderlichen Umfang zu speichern und nicht an Dritte weiterzugeben.<\/p><\/li><li data-start=\"4582\" data-end=\"5073\"><p data-start=\"4586\" data-end=\"5073\">Keine Haftung besteht f\u00fcr den Verlust oder die Besch\u00e4digung eingebrachter Wertgegenst\u00e4nde und Bekleidung. Die Bereitstellung von Spinden begr\u00fcndet keine Haftung f\u00fcr nicht eingebrachte Gegenst\u00e4nde. Spinde sind lediglich w\u00e4hrend der Zeit des jeweiligen Trainings zu nutzen. Das \u201eSTARK Fitness + Lifestyle\u201c ist berechtigt, missbr\u00e4uchlich verwendete Schr\u00e4nke kostenpflichtig \u00f6ffnen zu lassen. Mit meiner Unterschrift best\u00e4tige ich mein Einverst\u00e4ndnis zu den allgemeinen Gesch\u00e4ftsbedingungen.<\/p><\/li><\/ol>\t\t\t\t\t\t\t\t<\/div>\n\t\t\t\t<\/div>\n\t\t\t\t\t<\/div>\n\t\t<\/div>\n\t\t\t\t\t<\/div>\n\t\t<\/section>\n\t\t\t\t<\/div>\n\t\t","protected":false},"excerpt":{"rendered":"<p>AGB Allgemeine Gesch\u00e4ftsbedingungen (AGB) &#8211; STARK Fitness &amp; Lifestyle D\u00fclken UG (haftungsbeschr\u00e4nkt) Der Vertrag wird \u00fcber den umseitig angegebenen Zeitraum abgeschlossen. Er verl\u00e4ngert sich jeweils um 1 Monat bei einer 12 Monats Mitgliedschaft und um 1 Monat bei einer 24 Monats Mitgliedschaft, falls er nicht mindestens 1 Monat vor Ablauf von einer der Vertragsparteien schriftlich [&hellip;]<\/p>\n","protected":false},"author":1,"featured_media":0,"parent":0,"menu_order":0,"comment_status":"closed","ping_status":"closed","template":"","meta":{"ocean_post_layout":"full-screen","ocean_both_sidebars_style":"","ocean_both_sidebars_content_width":0,"ocean_both_sidebars_sidebars_width":0,"ocean_sidebar":"","ocean_second_sidebar":"","ocean_disable_margins":"enable","ocean_add_body_class":"","ocean_shortcode_before_top_bar":"","ocean_shortcode_after_top_bar":"","ocean_shortcode_before_header":"","ocean_shortcode_after_header":"","ocean_has_shortcode":"","ocean_shortcode_after_title":"","ocean_shortcode_before_footer_widgets":"","ocean_shortcode_after_footer_widgets":"","ocean_shortcode_before_footer_bottom":"","ocean_shortcode_after_footer_bottom":"","ocean_display_top_bar":"off","ocean_display_header":"off","ocean_header_style":"","ocean_center_header_left_menu":"","ocean_custom_header_template":"","ocean_custom_logo":0,"ocean_custom_retina_logo":0,"ocean_custom_logo_max_width":0,"ocean_custom_logo_tablet_max_width":0,"ocean_custom_logo_mobile_max_width":0,"ocean_custom_logo_max_height":0,"ocean_custom_logo_tablet_max_height":0,"ocean_custom_logo_mobile_max_height":0,"ocean_header_custom_menu":"","ocean_menu_typo_font_family":"","ocean_menu_typo_font_subset":"","ocean_menu_typo_font_size":0,"ocean_menu_typo_font_size_tablet":0,"ocean_menu_typo_font_size_mobile":0,"ocean_menu_typo_font_size_unit":"px","ocean_menu_typo_font_weight":"","ocean_menu_typo_font_weight_tablet":"","ocean_menu_typo_font_weight_mobile":"","ocean_menu_typo_transform":"","ocean_menu_typo_transform_tablet":"","ocean_menu_typo_transform_mobile":"","ocean_menu_typo_line_height":0,"ocean_menu_typo_line_height_tablet":0,"ocean_menu_typo_line_height_mobile":0,"ocean_menu_typo_line_height_unit":"","ocean_menu_typo_spacing":0,"ocean_menu_typo_spacing_tablet":0,"ocean_menu_typo_spacing_mobile":0,"ocean_menu_typo_spacing_unit":"","ocean_menu_link_color":"","ocean_menu_link_color_hover":"","ocean_menu_link_color_active":"","ocean_menu_link_background":"","ocean_menu_link_hover_background":"","ocean_menu_link_active_background":"","ocean_menu_social_links_bg":"","ocean_menu_social_hover_links_bg":"","ocean_menu_social_links_color":"","ocean_menu_social_hover_links_color":"","ocean_disable_title":"on","ocean_disable_heading":"default","ocean_post_title":"","ocean_post_subheading":"","ocean_post_title_style":"","ocean_post_title_background_color":"","ocean_post_title_background":0,"ocean_post_title_bg_image_position":"","ocean_post_title_bg_image_attachment":"","ocean_post_title_bg_image_repeat":"","ocean_post_title_bg_image_size":"","ocean_post_title_height":0,"ocean_post_title_bg_overlay":0.5,"ocean_post_title_bg_overlay_color":"","ocean_disable_breadcrumbs":"default","ocean_breadcrumbs_color":"","ocean_breadcrumbs_separator_color":"","ocean_breadcrumbs_links_color":"","ocean_breadcrumbs_links_hover_color":"","ocean_display_footer_widgets":"off","ocean_display_footer_bottom":"off","ocean_custom_footer_template":"","footnotes":""},"class_list":["post-3391","page","type-page","status-publish","hentry","entry"],"yoast_head":"<!-- This site is optimized with the Yoast SEO plugin v24.2 - https:\/\/yoast.com\/wordpress\/plugins\/seo\/ -->\n<title>D -AGB - STARK Fitness<\/title>\n<meta name=\"robots\" content=\"index, follow, max-snippet:-1, max-image-preview:large, max-video-preview:-1\" \/>\n<link rel=\"canonical\" href=\"https:\/\/stark-fitness.eu\/index.php\/d-agb\/\" \/>\n<meta property=\"og:locale\" content=\"de_DE\" \/>\n<meta property=\"og:type\" content=\"article\" \/>\n<meta property=\"og:title\" content=\"D -AGB - STARK Fitness\" \/>\n<meta property=\"og:description\" content=\"AGB Allgemeine Gesch\u00e4ftsbedingungen (AGB) &#8211; STARK Fitness &amp; Lifestyle D\u00fclken UG (haftungsbeschr\u00e4nkt) Der Vertrag wird \u00fcber den umseitig angegebenen Zeitraum abgeschlossen. Er verl\u00e4ngert sich jeweils um 1 Monat bei einer 12 Monats Mitgliedschaft und um 1 Monat bei einer 24 Monats Mitgliedschaft, falls er nicht mindestens 1 Monat vor Ablauf von einer der Vertragsparteien schriftlich [&hellip;]\" \/>\n<meta property=\"og:url\" content=\"https:\/\/stark-fitness.eu\/index.php\/d-agb\/\" \/>\n<meta property=\"og:site_name\" content=\"STARK Fitness\" \/>\n<meta property=\"article:modified_time\" content=\"2025-08-20T14:55:48+00:00\" \/>\n<meta name=\"twitter:card\" content=\"summary_large_image\" \/>\n<meta name=\"twitter:label1\" content=\"Gesch\u00e4tzte Lesezeit\" \/>\n\t<meta name=\"twitter:data1\" content=\"4 Minuten\" \/>\n<script type=\"application\/ld+json\" class=\"yoast-schema-graph\">{\"@context\":\"https:\/\/schema.org\",\"@graph\":[{\"@type\":\"WebPage\",\"@id\":\"https:\/\/stark-fitness.eu\/index.php\/d-agb\/\",\"url\":\"https:\/\/stark-fitness.eu\/index.php\/d-agb\/\",\"name\":\"D -AGB - STARK Fitness\",\"isPartOf\":{\"@id\":\"https:\/\/stark-fitness.eu\/#website\"},\"datePublished\":\"2025-07-18T10:18:51+00:00\",\"dateModified\":\"2025-08-20T14:55:48+00:00\",\"breadcrumb\":{\"@id\":\"https:\/\/stark-fitness.eu\/index.php\/d-agb\/#breadcrumb\"},\"inLanguage\":\"de\",\"potentialAction\":[{\"@type\":\"ReadAction\",\"target\":[\"https:\/\/stark-fitness.eu\/index.php\/d-agb\/\"]}]},{\"@type\":\"BreadcrumbList\",\"@id\":\"https:\/\/stark-fitness.eu\/index.php\/d-agb\/#breadcrumb\",\"itemListElement\":[{\"@type\":\"ListItem\",\"position\":1,\"name\":\"Startseite\",\"item\":\"https:\/\/stark-fitness.eu\/\"},{\"@type\":\"ListItem\",\"position\":2,\"name\":\"D -AGB\"}]},{\"@type\":\"WebSite\",\"@id\":\"https:\/\/stark-fitness.eu\/#website\",\"url\":\"https:\/\/stark-fitness.eu\/\",\"name\":\"STARK Fitness\",\"description\":\"STARK SEIN STARK BLEIBEN.\",\"publisher\":{\"@id\":\"https:\/\/stark-fitness.eu\/#organization\"},\"potentialAction\":[{\"@type\":\"SearchAction\",\"target\":{\"@type\":\"EntryPoint\",\"urlTemplate\":\"https:\/\/stark-fitness.eu\/?s={search_term_string}\"},\"query-input\":{\"@type\":\"PropertyValueSpecification\",\"valueRequired\":true,\"valueName\":\"search_term_string\"}}],\"inLanguage\":\"de\"},{\"@type\":\"Organization\",\"@id\":\"https:\/\/stark-fitness.eu\/#organization\",\"name\":\"STARK Fitness\",\"url\":\"https:\/\/stark-fitness.eu\/\",\"logo\":{\"@type\":\"ImageObject\",\"inLanguage\":\"de\",\"@id\":\"https:\/\/stark-fitness.eu\/#\/schema\/logo\/image\/\",\"url\":\"\/stark-content\/uploads\/2023\/08\/Stark_Lowenkopf_auf_schwarz.png\",\"contentUrl\":\"\/stark-content\/uploads\/2023\/08\/Stark_Lowenkopf_auf_schwarz.png\",\"width\":350,\"height\":350,\"caption\":\"STARK Fitness\"},\"image\":{\"@id\":\"https:\/\/stark-fitness.eu\/#\/schema\/logo\/image\/\"}}]}<\/script>\n<!-- \/ Yoast SEO plugin. -->","yoast_head_json":{"title":"D -AGB - STARK Fitness","robots":{"index":"index","follow":"follow","max-snippet":"max-snippet:-1","max-image-preview":"max-image-preview:large","max-video-preview":"max-video-preview:-1"},"canonical":"https:\/\/stark-fitness.eu\/index.php\/d-agb\/","og_locale":"de_DE","og_type":"article","og_title":"D -AGB - STARK Fitness","og_description":"AGB Allgemeine Gesch\u00e4ftsbedingungen (AGB) &#8211; STARK Fitness &amp; Lifestyle D\u00fclken UG (haftungsbeschr\u00e4nkt) Der Vertrag wird \u00fcber den umseitig angegebenen Zeitraum abgeschlossen. Er verl\u00e4ngert sich jeweils um 1 Monat bei einer 12 Monats Mitgliedschaft und um 1 Monat bei einer 24 Monats Mitgliedschaft, falls er nicht mindestens 1 Monat vor Ablauf von einer der Vertragsparteien schriftlich [&hellip;]","og_url":"https:\/\/stark-fitness.eu\/index.php\/d-agb\/","og_site_name":"STARK Fitness","article_modified_time":"2025-08-20T14:55:48+00:00","twitter_card":"summary_large_image","twitter_misc":{"Gesch\u00e4tzte Lesezeit":"4 Minuten"},"schema":{"@context":"https:\/\/schema.org","@graph":[{"@type":"WebPage","@id":"https:\/\/stark-fitness.eu\/index.php\/d-agb\/","url":"https:\/\/stark-fitness.eu\/index.php\/d-agb\/","name":"D -AGB - STARK Fitness","isPartOf":{"@id":"https:\/\/stark-fitness.eu\/#website"},"datePublished":"2025-07-18T10:18:51+00:00","dateModified":"2025-08-20T14:55:48+00:00","breadcrumb":{"@id":"https:\/\/stark-fitness.eu\/index.php\/d-agb\/#breadcrumb"},"inLanguage":"de","potentialAction":[{"@type":"ReadAction","target":["https:\/\/stark-fitness.eu\/index.php\/d-agb\/"]}]},{"@type":"BreadcrumbList","@id":"https:\/\/stark-fitness.eu\/index.php\/d-agb\/#breadcrumb","itemListElement":[{"@type":"ListItem","position":1,"name":"Startseite","item":"https:\/\/stark-fitness.eu\/"},{"@type":"ListItem","position":2,"name":"D -AGB"}]},{"@type":"WebSite","@id":"https:\/\/stark-fitness.eu\/#website","url":"https:\/\/stark-fitness.eu\/","name":"STARK Fitness","description":"STARK SEIN STARK BLEIBEN.","publisher":{"@id":"https:\/\/stark-fitness.eu\/#organization"},"potentialAction":[{"@type":"SearchAction","target":{"@type":"EntryPoint","urlTemplate":"https:\/\/stark-fitness.eu\/?s={search_term_string}"},"query-input":{"@type":"PropertyValueSpecification","valueRequired":true,"valueName":"search_term_string"}}],"inLanguage":"de"},{"@type":"Organization","@id":"https:\/\/stark-fitness.eu\/#organization","name":"STARK Fitness","url":"https:\/\/stark-fitness.eu\/","logo":{"@type":"ImageObject","inLanguage":"de","@id":"https:\/\/stark-fitness.eu\/#\/schema\/logo\/image\/","url":"\/stark-content\/uploads\/2023\/08\/Stark_Lowenkopf_auf_schwarz.png","contentUrl":"\/stark-content\/uploads\/2023\/08\/Stark_Lowenkopf_auf_schwarz.png","width":350,"height":350,"caption":"STARK Fitness"},"image":{"@id":"https:\/\/stark-fitness.eu\/#\/schema\/logo\/image\/"}}]}},"_links":{"self":[{"href":"https:\/\/stark-fitness.eu\/index.php\/wp-json\/wp\/v2\/pages\/3391","targetHints":{"allow":["GET"]}}],"collection":[{"href":"https:\/\/stark-fitness.eu\/index.php\/wp-json\/wp\/v2\/pages"}],"about":[{"href":"https:\/\/stark-fitness.eu\/index.php\/wp-json\/wp\/v2\/types\/page"}],"author":[{"embeddable":true,"href":"https:\/\/stark-fitness.eu\/index.php\/wp-json\/wp\/v2\/users\/1"}],"replies":[{"embeddable":true,"href":"https:\/\/stark-fitness.eu\/index.php\/wp-json\/wp\/v2\/comments?post=3391"}],"version-history":[{"count":8,"href":"https:\/\/stark-fitness.eu\/index.php\/wp-json\/wp\/v2\/pages\/3391\/revisions"}],"predecessor-version":[{"id":3608,"href":"https:\/\/stark-fitness.eu\/index.php\/wp-json\/wp\/v2\/pages\/3391\/revisions\/3608"}],"wp:attachment":[{"href":"https:\/\/stark-fitness.eu\/index.php\/wp-json\/wp\/v2\/media?parent=3391"}],"curies":[{"name":"wp","href":"https:\/\/api.w.org\/{rel}","templated":true}]}}