{"id":4404,"date":"2025-12-09T13:55:59","date_gmt":"2025-12-09T13:55:59","guid":{"rendered":"https:\/\/stark-fitness.eu\/?page_id=4404"},"modified":"2026-02-16T15:35:23","modified_gmt":"2026-02-16T15:35:23","slug":"selfservice-duelken","status":"publish","type":"page","link":"https:\/\/stark-fitness.eu\/index.php\/selfservice-duelken\/","title":{"rendered":"Selfservice D\u00fclken"},"content":{"rendered":"\t\t<div data-elementor-type=\"wp-page\" data-elementor-id=\"4404\" class=\"elementor elementor-4404\">\n\t\t\t\t<div class=\"elementor-element elementor-element-3dc02b77 e-con-full e-flex e-con e-parent\" data-id=\"3dc02b77\" data-element_type=\"container\" data-settings=\"{&quot;background_background&quot;:&quot;classic&quot;}\">\n\t\t<div class=\"elementor-element elementor-element-32f3b1c7 e-con-full e-flex e-con e-child\" data-id=\"32f3b1c7\" data-element_type=\"container\">\n\t\t<div class=\"elementor-element elementor-element-54ffdaa0 e-con-full e-flex e-con e-child\" data-id=\"54ffdaa0\" data-element_type=\"container\" data-settings=\"{&quot;background_background&quot;:&quot;classic&quot;}\">\n\t\t\t\t<div class=\"elementor-element elementor-element-5ed7e07 elementor-widget elementor-widget-image\" data-id=\"5ed7e07\" data-element_type=\"widget\" data-widget_type=\"image.default\">\n\t\t\t\t<div class=\"elementor-widget-container\">\n\t\t\t\t\t\t\t\t\t\t\t\t\t\t\t<img fetchpriority=\"high\" decoding=\"async\" width=\"1024\" height=\"679\" src=\"\/stark-content\/uploads\/2025\/11\/202207270536_162697272188-1024x679.webp\" class=\"attachment-large size-large wp-image-3930\" alt=\"\" srcset=\"\/stark-content\/uploads\/2025\/11\/202207270536_162697272188-1024x679.webp 1024w, \/stark-content\/uploads\/2025\/11\/202207270536_162697272188-300x199.webp 300w, \/stark-content\/uploads\/2025\/11\/202207270536_162697272188-768x509.webp 768w, \/stark-content\/uploads\/2025\/11\/202207270536_162697272188-1536x1018.webp 1536w, \/stark-content\/uploads\/2025\/11\/202207270536_162697272188-2048x1358.webp 2048w\" sizes=\"(max-width: 1024px) 100vw, 1024px\" \/>\t\t\t\t\t\t\t\t\t\t\t\t\t\t\t<\/div>\n\t\t\t\t<\/div>\n\t\t\t\t<\/div>\n\t\t<div class=\"elementor-element elementor-element-161d1b0b e-con-full e-flex e-con e-child\" data-id=\"161d1b0b\" data-element_type=\"container\" data-settings=\"{&quot;background_background&quot;:&quot;classic&quot;}\">\n\t\t\t\t<div class=\"elementor-element elementor-element-4840486 elementor-widget elementor-widget-heading\" data-id=\"4840486\" data-element_type=\"widget\" data-widget_type=\"heading.default\">\n\t\t\t\t<div class=\"elementor-widget-container\">\n\t\t\t\t\t<h2 class=\"elementor-heading-title elementor-size-default\">STARK Selfservice<\/h2>\t\t\t\t<\/div>\n\t\t\t\t<\/div>\n\t\t\t\t<div class=\"elementor-element elementor-element-5a630992 elementor-widget__width-initial elementor-widget elementor-widget-text-editor\" data-id=\"5a630992\" data-element_type=\"widget\" data-widget_type=\"text-editor.default\">\n\t\t\t\t<div class=\"elementor-widget-container\">\n\t\t\t\t\t\t\t\t\t<p data-start=\"253\" data-end=\"327\"><strong data-start=\"253\" data-end=\"274\">STARK Selfservice<\/strong><br data-start=\"274\" data-end=\"277\" \/><em data-start=\"277\" data-end=\"327\">Dein direkter Draht zum Studio \u2013 ohne Wartezeit.<\/em><\/p><p data-start=\"329\" data-end=\"488\">Ich bin der <strong data-start=\"341\" data-end=\"362\">STARK Selfservice<\/strong>.<br data-start=\"363\" data-end=\"366\" \/>Hier kannst du viele Studio-Anliegen <strong data-start=\"403\" data-end=\"430\">direkt selbst erledigen<\/strong> \u2013 genauso, als w\u00fcrdest du sie am Service-Counter abgeben.<\/p>\t\t\t\t\t\t\t\t<\/div>\n\t\t\t\t<\/div>\n\t\t\t\t<div class=\"elementor-element elementor-element-3607014b elementor-widget__width-initial elementor-widget elementor-widget-text-editor\" data-id=\"3607014b\" data-element_type=\"widget\" data-widget_type=\"text-editor.default\">\n\t\t\t\t<div class=\"elementor-widget-container\">\n\t\t\t\t\t\t\t\t\t<p data-start=\"490\" data-end=\"508\"><strong>So funktioniert\u2019s:<\/strong><\/p><ul data-start=\"509\" data-end=\"788\"><li data-start=\"509\" data-end=\"575\"><p data-start=\"511\" data-end=\"575\">Du w\u00e4hlst eine Aktion oder schreibst dein Anliegen in den Chat<\/p><\/li><li data-start=\"576\" data-end=\"625\"><p data-start=\"578\" data-end=\"625\">Es \u00f6ffnet sich <strong data-start=\"593\" data-end=\"625\">direkt das passende Formular<\/strong><\/p><\/li><li data-start=\"626\" data-end=\"665\"><p data-start=\"628\" data-end=\"665\">Du f\u00fcllst es aus und schickst es ab<\/p><\/li><li data-start=\"666\" data-end=\"719\"><p data-start=\"668\" data-end=\"719\">Falls n\u00f6tig, erh\u00e4ltst du eine <strong data-start=\"698\" data-end=\"719\">Best\u00e4tigungs-Mail<\/strong><\/p><\/li><li data-start=\"720\" data-end=\"788\"><p data-start=\"722\" data-end=\"788\">Danach landet alles <strong data-start=\"742\" data-end=\"768\">sicher beim STARK-Team<\/strong> und wird bearbeitet<\/p><\/li><\/ul>\t\t\t\t\t\t\t\t<\/div>\n\t\t\t\t<\/div>\n\t\t\t\t<\/div>\n\t\t\t\t<\/div>\n\t\t<div class=\"elementor-element elementor-element-7540fb45 e-con-full e-flex e-con e-child\" data-id=\"7540fb45\" data-element_type=\"container\" data-settings=\"{&quot;background_background&quot;:&quot;classic&quot;}\">\n\t\t<div class=\"elementor-element elementor-element-f273d62 e-con-full e-flex e-con e-child\" data-id=\"f273d62\" data-element_type=\"container\">\n\t\t\t\t<div class=\"elementor-element elementor-element-16f956f0 elementor-widget elementor-widget-heading\" data-id=\"16f956f0\" data-element_type=\"widget\" data-widget_type=\"heading.default\">\n\t\t\t\t<div class=\"elementor-widget-container\">\n\t\t\t\t\t<h2 class=\"elementor-heading-title elementor-size-default\">W\u00e4hle einfach eine Aktion:<\/h2>\t\t\t\t<\/div>\n\t\t\t\t<\/div>\n\t\t\t\t<\/div>\n\t\t<div class=\"elementor-element elementor-element-120ff65f e-con-full e-flex e-con e-child\" data-id=\"120ff65f\" data-element_type=\"container\">\n\t\t<div class=\"elementor-element elementor-element-44012b6b e-grid e-con-full e-con e-child\" data-id=\"44012b6b\" data-element_type=\"container\" data-settings=\"{&quot;background_background&quot;:&quot;classic&quot;}\">\n\t\t<a class=\"elementor-element elementor-element-16193ed7 e-con-full e-flex e-con e-child\" data-id=\"16193ed7\" data-element_type=\"container\" data-settings=\"{&quot;background_background&quot;:&quot;classic&quot;}\" href=\"https:\/\/stark-fitness.eu\/index.php\/selfservice-duelken\/?chatbot_action=ruhezeit_buchen\">\n\t\t\t\t<div class=\"elementor-element elementor-element-2c2db557 elementor-widget elementor-widget-heading\" data-id=\"2c2db557\" data-element_type=\"widget\" data-widget_type=\"heading.default\">\n\t\t\t\t<div class=\"elementor-widget-container\">\n\t\t\t\t\t<h2 class=\"elementor-heading-title elementor-size-default\">Ruhezeit buchen<\/h2>\t\t\t\t<\/div>\n\t\t\t\t<\/div>\n\t\t\t\t<\/a>\n\t\t<a class=\"elementor-element elementor-element-192c55c3 e-con-full e-flex e-con e-child\" data-id=\"192c55c3\" data-element_type=\"container\" data-settings=\"{&quot;background_background&quot;:&quot;classic&quot;}\" href=\"https:\/\/stark-fitness.eu\/index.php\/selfservice-duelken\/?chatbot_action=ruhezeit_stornieren\">\n\t\t\t\t<div class=\"elementor-element elementor-element-af0f286 elementor-widget elementor-widget-heading\" data-id=\"af0f286\" data-element_type=\"widget\" data-widget_type=\"heading.default\">\n\t\t\t\t<div class=\"elementor-widget-container\">\n\t\t\t\t\t<h2 class=\"elementor-heading-title elementor-size-default\">Ruhezeit l\u00f6schen<\/h2>\t\t\t\t<\/div>\n\t\t\t\t<\/div>\n\t\t\t\t<\/a>\n\t\t<a class=\"elementor-element elementor-element-3fba9895 e-con-full e-flex e-con e-child\" data-id=\"3fba9895\" data-element_type=\"container\" data-settings=\"{&quot;background_background&quot;:&quot;classic&quot;}\" href=\"https:\/\/stark-fitness.eu\/index.php\/selfservice-duelken\/?chatbot_action=adressdaten_anpassen\">\n\t\t\t\t<div class=\"elementor-element elementor-element-1e91bbf6 elementor-widget__width-initial elementor-widget elementor-widget-heading\" data-id=\"1e91bbf6\" data-element_type=\"widget\" data-widget_type=\"heading.default\">\n\t\t\t\t<div class=\"elementor-widget-container\">\n\t\t\t\t\t<h2 class=\"elementor-heading-title elementor-size-default\">Adressdaten anpassen<\/h2>\t\t\t\t<\/div>\n\t\t\t\t<\/div>\n\t\t\t\t<\/a>\n\t\t<a class=\"elementor-element elementor-element-8878858 e-con-full e-flex e-con e-child\" data-id=\"8878858\" data-element_type=\"container\" data-settings=\"{&quot;background_background&quot;:&quot;classic&quot;}\" href=\"https:\/\/stark-fitness.eu\/index.php\/selfservice-duelken\/?chatbot_action=kontaktdaten_anpassen\">\n\t\t\t\t<div class=\"elementor-element elementor-element-3271e2a0 elementor-widget__width-initial elementor-widget elementor-widget-heading\" data-id=\"3271e2a0\" data-element_type=\"widget\" data-widget_type=\"heading.default\">\n\t\t\t\t<div class=\"elementor-widget-container\">\n\t\t\t\t\t<h2 class=\"elementor-heading-title elementor-size-default\">Kontaktdaten anpassen<\/h2>\t\t\t\t<\/div>\n\t\t\t\t<\/div>\n\t\t\t\t<\/a>\n\t\t<a class=\"elementor-element elementor-element-1bc2afc5 e-con-full e-flex e-con e-child\" data-id=\"1bc2afc5\" data-element_type=\"container\" data-settings=\"{&quot;background_background&quot;:&quot;classic&quot;}\" href=\"https:\/\/stark-fitness.eu\/index.php\/selfservice-duelken\/?chatbot_action=kontodaten_anpassen\">\n\t\t\t\t<div class=\"elementor-element elementor-element-4e823e38 elementor-widget__width-initial elementor-widget elementor-widget-heading\" data-id=\"4e823e38\" data-element_type=\"widget\" data-widget_type=\"heading.default\">\n\t\t\t\t<div class=\"elementor-widget-container\">\n\t\t\t\t\t<h2 class=\"elementor-heading-title elementor-size-default\">Kontodaten anpassen<\/h2>\t\t\t\t<\/div>\n\t\t\t\t<\/div>\n\t\t\t\t<\/a>\n\t\t<a class=\"elementor-element elementor-element-315a8c82 e-con-full e-flex e-con e-child\" data-id=\"315a8c82\" data-element_type=\"container\" data-settings=\"{&quot;background_background&quot;:&quot;classic&quot;}\" href=\"https:\/\/stark-fitness.eu\/index.php\/selfservice-duelken\/?chatbot_action=modul_buchen&#038;modules=EGYM,fle.xx,Getr%C3%A4nke%20Abo,Kurs%20Abo\">\n\t\t\t\t<div class=\"elementor-element elementor-element-41b9f176 elementor-widget elementor-widget-heading\" data-id=\"41b9f176\" data-element_type=\"widget\" data-widget_type=\"heading.default\">\n\t\t\t\t<div class=\"elementor-widget-container\">\n\t\t\t\t\t<h2 class=\"elementor-heading-title elementor-size-default\">Modul buchen<\/h2>\t\t\t\t<\/div>\n\t\t\t\t<\/div>\n\t\t\t\t<\/a>\n\t\t<a class=\"elementor-element elementor-element-56771f1 e-con-full e-flex e-con e-child\" data-id=\"56771f1\" data-element_type=\"container\" data-settings=\"{&quot;background_background&quot;:&quot;classic&quot;}\" href=\"https:\/\/stark-fitness.eu\/index.php\/selfservice-duelken\/?chatbot_action=modul_kuendigen&#038;modules=EGYM,fle.xx,Getr%C3%A4nke%20Abo,Kurs%20Abo\">\n\t\t\t\t<div class=\"elementor-element elementor-element-53757bae elementor-widget elementor-widget-heading\" data-id=\"53757bae\" data-element_type=\"widget\" data-widget_type=\"heading.default\">\n\t\t\t\t<div class=\"elementor-widget-container\">\n\t\t\t\t\t<h2 class=\"elementor-heading-title elementor-size-default\">Modul k\u00fcndigen<\/h2>\t\t\t\t<\/div>\n\t\t\t\t<\/div>\n\t\t\t\t<\/a>\n\t\t<a class=\"elementor-element elementor-element-68095ad2 e-con-full e-flex e-con e-child\" data-id=\"68095ad2\" data-element_type=\"container\" data-settings=\"{&quot;background_background&quot;:&quot;classic&quot;}\" href=\"https:\/\/stark-fitness.eu\/index.php\/selfservice-duelken\/?chatbot_action=kurs_buchen&#038;courses=Yoga,Stark%20in%20den%20Tag,Stark%20%26%20Entspannt%20in%20den%20Tag,Stretch%20%26%20Flex,Yoga%20mit%20Elisabeth!,Starker%20R%C3%BCcken,F%C3%BCnf%20Tibeter,Jumping%20Fitness,Body%20Workout,Hardcore%20Powerbauch,HIT%20-%20Zirkel,Stretch%20%26%20Relax,Functional%20Fit%20Tabata,Step,Zumba,Power%20Jumping,BNCE,Fit%20Mix\">\n\t\t\t\t<div class=\"elementor-element elementor-element-26b8b991 elementor-widget elementor-widget-heading\" data-id=\"26b8b991\" data-element_type=\"widget\" data-widget_type=\"heading.default\">\n\t\t\t\t<div class=\"elementor-widget-container\">\n\t\t\t\t\t<h2 class=\"elementor-heading-title elementor-size-default\">Kurs buchen<\/h2>\t\t\t\t<\/div>\n\t\t\t\t<\/div>\n\t\t\t\t<\/a>\n\t\t<a class=\"elementor-element elementor-element-6191b29c e-con-full e-flex e-con e-child\" data-id=\"6191b29c\" data-element_type=\"container\" data-settings=\"{&quot;background_background&quot;:&quot;classic&quot;}\" href=\"https:\/\/stark-fitness.eu\/index.php\/selfservice-duelken\/?chatbot_action=kurs_kuendigen&#038;courses=Yoga,Stark%20in%20den%20Tag,Stark%20%26%20Entspannt%20in%20den%20Tag,Stretch%20%26%20Flex,Yoga%20mit%20Elisabeth!,Starker%20R%C3%BCcken,F%C3%BCnf%20Tibeter,Jumping%20Fitness,Body%20Workout,Hardcore%20Powerbauch,HIT%20-%20Zirkel,Stretch%20%26%20Relax,Functional%20Fit%20Tabata,Step,Zumba,Power%20Jumping,BNCE,Fit%20Mix\">\n\t\t\t\t<div class=\"elementor-element elementor-element-5b6b3383 elementor-widget elementor-widget-heading\" data-id=\"5b6b3383\" data-element_type=\"widget\" data-widget_type=\"heading.default\">\n\t\t\t\t<div class=\"elementor-widget-container\">\n\t\t\t\t\t<h2 class=\"elementor-heading-title elementor-size-default\">Kurs stornieren<\/h2>\t\t\t\t<\/div>\n\t\t\t\t<\/div>\n\t\t\t\t<\/a>\n\t\t<a class=\"elementor-element elementor-element-2fdcf8f4 e-con-full e-flex e-con e-child\" data-id=\"2fdcf8f4\" data-element_type=\"container\" data-settings=\"{&quot;background_background&quot;:&quot;classic&quot;}\" href=\"https:\/\/stark-fitness.eu\/index.php\/selfservice-duelken\/?chatbot_action=anamnesebogen\">\n\t\t\t\t<div class=\"elementor-element elementor-element-6e4bc9d8 elementor-widget elementor-widget-heading\" data-id=\"6e4bc9d8\" data-element_type=\"widget\" data-widget_type=\"heading.default\">\n\t\t\t\t<div class=\"elementor-widget-container\">\n\t\t\t\t\t<h2 class=\"elementor-heading-title elementor-size-default\">Anamnesebogen<\/h2>\t\t\t\t<\/div>\n\t\t\t\t<\/div>\n\t\t\t\t<\/a>\n\t\t<a class=\"elementor-element elementor-element-20646938 e-con-full e-flex e-con e-child\" data-id=\"20646938\" data-element_type=\"container\" data-settings=\"{&quot;background_background&quot;:&quot;classic&quot;}\" href=\"https:\/\/stark-fitness.eu\/index.php\/selfservice-duelken\/?chatbot_action=freunde_werben_freunde\">\n\t\t\t\t<div class=\"elementor-element elementor-element-680e0f1 elementor-widget__width-initial elementor-widget elementor-widget-heading\" data-id=\"680e0f1\" data-element_type=\"widget\" data-widget_type=\"heading.default\">\n\t\t\t\t<div class=\"elementor-widget-container\">\n\t\t\t\t\t<h2 class=\"elementor-heading-title elementor-size-default\">Freunde werben<\/h2>\t\t\t\t<\/div>\n\t\t\t\t<\/div>\n\t\t\t\t<\/a>\n\t\t\t\t<\/div>\n\t\t\t\t<\/div>\n\t\t\t\t<\/div>\n\t\t<div class=\"elementor-element elementor-element-4cca8283 e-con-full e-flex e-con e-child\" data-id=\"4cca8283\" data-element_type=\"container\">\n\t\t\t\t<div class=\"elementor-element elementor-element-12f5c975 elementor-widget elementor-widget-html\" data-id=\"12f5c975\" data-element_type=\"widget\" data-widget_type=\"html.default\">\n\t\t\t\t<div class=\"elementor-widget-container\">\n\t\t\t\t\t<script>\nwindow.VierkantAI = {\n    apiKey: \"395ee696-66c6-4731-b9b8-ebfde950b10b\",\n    chatbotId: \"16\",\n    title: null,\n    greetingText: \"Hi! Ich bin dein STARK Fitness Selfservice-Assistent.<br>Wie kann ich dir helfen?\",\n    chatbotName: \"STARK D\u00fclken Selfservice\",\n    gdprLink: null,\n    hintText: \"Selfservice \u00f6ffnen\",\n    hintTextColor: \"#ffffff\",\n    hintBackgroundColor: \"#E8731E\",\n    symbolColor: \"#000000\",\n    symbolIconColor: \"#ffffff\",\n    widgetPosition: \"bottom-right\",\n    widgetSize: \"medium\",\n    widgetHeaderColor: \"#E8731E\",\n    chatbotBubbleBackgroundColor: \"#e2e2e2\",\n    chatbotBubbleTextColor: \"#000000\",\n    userBubbleBackgroundColor: \"#E8731E\",\n    userBubbleTextColor: \"#ffffff\",\n    activeConnections: {\"webchat\": true, \"whatsapp\": false, \"facebook_instagram\": false}\n};\n<\/script>\n<script src=\"https:\/\/chat.vierkant-ai.eu\/static\/vierkant-chat.js\"><\/script>\t\t\t\t<\/div>\n\t\t\t\t<\/div>\n\t\t\t\t<\/div>\n\t\t\t\t<\/div>\n\t\t\t\t<\/div>\n\t\t","protected":false},"excerpt":{"rendered":"<p>STARK Selfservice STARK SelfserviceDein direkter Draht zum Studio \u2013 ohne Wartezeit. Ich bin der STARK Selfservice.Hier kannst du viele Studio-Anliegen direkt selbst erledigen \u2013 genauso, als w\u00fcrdest du sie am Service-Counter abgeben. So funktioniert\u2019s: Du w\u00e4hlst eine Aktion oder schreibst dein Anliegen in den Chat Es \u00f6ffnet sich direkt das passende Formular Du f\u00fcllst es [&hellip;]<\/p>\n","protected":false},"author":1,"featured_media":0,"parent":0,"menu_order":0,"comment_status":"closed","ping_status":"closed","template":"","meta":{"ocean_post_layout":"full-screen","ocean_both_sidebars_style":"","ocean_both_sidebars_content_width":0,"ocean_both_sidebars_sidebars_width":0,"ocean_sidebar":"","ocean_second_sidebar":"","ocean_disable_margins":"on","ocean_add_body_class":"","ocean_shortcode_before_top_bar":"","ocean_shortcode_after_top_bar":"","ocean_shortcode_before_header":"","ocean_shortcode_after_header":"","ocean_has_shortcode":"","ocean_shortcode_after_title":"","ocean_shortcode_before_footer_widgets":"","ocean_shortcode_after_footer_widgets":"","ocean_shortcode_before_footer_bottom":"","ocean_shortcode_after_footer_bottom":"","ocean_display_top_bar":"off","ocean_display_header":"off","ocean_header_style":"","ocean_center_header_left_menu":"","ocean_custom_header_template":"","ocean_custom_logo":0,"ocean_custom_retina_logo":0,"ocean_custom_logo_max_width":0,"ocean_custom_logo_tablet_max_width":0,"ocean_custom_logo_mobile_max_width":0,"ocean_custom_logo_max_height":0,"ocean_custom_logo_tablet_max_height":0,"ocean_custom_logo_mobile_max_height":0,"ocean_header_custom_menu":"","ocean_menu_typo_font_family":"","ocean_menu_typo_font_subset":"","ocean_menu_typo_font_size":0,"ocean_menu_typo_font_size_tablet":0,"ocean_menu_typo_font_size_mobile":0,"ocean_menu_typo_font_size_unit":"px","ocean_menu_typo_font_weight":"","ocean_menu_typo_font_weight_tablet":"","ocean_menu_typo_font_weight_mobile":"","ocean_menu_typo_transform":"","ocean_menu_typo_transform_tablet":"","ocean_menu_typo_transform_mobile":"","ocean_menu_typo_line_height":0,"ocean_menu_typo_line_height_tablet":0,"ocean_menu_typo_line_height_mobile":0,"ocean_menu_typo_line_height_unit":"","ocean_menu_typo_spacing":0,"ocean_menu_typo_spacing_tablet":0,"ocean_menu_typo_spacing_mobile":0,"ocean_menu_typo_spacing_unit":"","ocean_menu_link_color":"","ocean_menu_link_color_hover":"","ocean_menu_link_color_active":"","ocean_menu_link_background":"","ocean_menu_link_hover_background":"","ocean_menu_link_active_background":"","ocean_menu_social_links_bg":"","ocean_menu_social_hover_links_bg":"","ocean_menu_social_links_color":"","ocean_menu_social_hover_links_color":"","ocean_disable_title":"on","ocean_disable_heading":"default","ocean_post_title":"","ocean_post_subheading":"","ocean_post_title_style":"","ocean_post_title_background_color":"","ocean_post_title_background":0,"ocean_post_title_bg_image_position":"","ocean_post_title_bg_image_attachment":"","ocean_post_title_bg_image_repeat":"","ocean_post_title_bg_image_size":"","ocean_post_title_height":0,"ocean_post_title_bg_overlay":0.5,"ocean_post_title_bg_overlay_color":"","ocean_disable_breadcrumbs":"default","ocean_breadcrumbs_color":"","ocean_breadcrumbs_separator_color":"","ocean_breadcrumbs_links_color":"","ocean_breadcrumbs_links_hover_color":"","ocean_display_footer_widgets":"off","ocean_display_footer_bottom":"off","ocean_custom_footer_template":"","footnotes":""},"class_list":["post-4404","page","type-page","status-publish","hentry","entry"],"yoast_head":"<!-- This site is optimized with the Yoast SEO plugin v24.2 - https:\/\/yoast.com\/wordpress\/plugins\/seo\/ -->\n<title>Selfservice D\u00fclken - STARK Fitness<\/title>\n<meta name=\"robots\" content=\"index, follow, max-snippet:-1, max-image-preview:large, max-video-preview:-1\" \/>\n<link rel=\"canonical\" href=\"https:\/\/stark-fitness.eu\/index.php\/selfservice-duelken\/\" \/>\n<meta property=\"og:locale\" content=\"de_DE\" \/>\n<meta property=\"og:type\" content=\"article\" \/>\n<meta property=\"og:title\" content=\"Selfservice D\u00fclken - STARK Fitness\" \/>\n<meta property=\"og:description\" content=\"STARK Selfservice STARK SelfserviceDein direkter Draht zum Studio \u2013 ohne Wartezeit. Ich bin der STARK Selfservice.Hier kannst du viele Studio-Anliegen direkt selbst erledigen \u2013 genauso, als w\u00fcrdest du sie am Service-Counter abgeben. So funktioniert\u2019s: Du w\u00e4hlst eine Aktion oder schreibst dein Anliegen in den Chat Es \u00f6ffnet sich direkt das passende Formular Du f\u00fcllst es [&hellip;]\" \/>\n<meta property=\"og:url\" content=\"https:\/\/stark-fitness.eu\/index.php\/selfservice-duelken\/\" \/>\n<meta property=\"og:site_name\" content=\"STARK Fitness\" \/>\n<meta property=\"article:modified_time\" content=\"2026-02-16T15:35:23+00:00\" \/>\n<meta name=\"twitter:card\" content=\"summary_large_image\" \/>\n<meta name=\"twitter:label1\" content=\"Gesch\u00e4tzte Lesezeit\" \/>\n\t<meta name=\"twitter:data1\" content=\"1 Minute\" \/>\n<script type=\"application\/ld+json\" class=\"yoast-schema-graph\">{\"@context\":\"https:\/\/schema.org\",\"@graph\":[{\"@type\":\"WebPage\",\"@id\":\"https:\/\/stark-fitness.eu\/index.php\/selfservice-duelken\/\",\"url\":\"https:\/\/stark-fitness.eu\/index.php\/selfservice-duelken\/\",\"name\":\"Selfservice D\u00fclken - STARK Fitness\",\"isPartOf\":{\"@id\":\"https:\/\/stark-fitness.eu\/#website\"},\"datePublished\":\"2025-12-09T13:55:59+00:00\",\"dateModified\":\"2026-02-16T15:35:23+00:00\",\"breadcrumb\":{\"@id\":\"https:\/\/stark-fitness.eu\/index.php\/selfservice-duelken\/#breadcrumb\"},\"inLanguage\":\"de\",\"potentialAction\":[{\"@type\":\"ReadAction\",\"target\":[\"https:\/\/stark-fitness.eu\/index.php\/selfservice-duelken\/\"]}]},{\"@type\":\"BreadcrumbList\",\"@id\":\"https:\/\/stark-fitness.eu\/index.php\/selfservice-duelken\/#breadcrumb\",\"itemListElement\":[{\"@type\":\"ListItem\",\"position\":1,\"name\":\"Startseite\",\"item\":\"https:\/\/stark-fitness.eu\/\"},{\"@type\":\"ListItem\",\"position\":2,\"name\":\"Selfservice D\u00fclken\"}]},{\"@type\":\"WebSite\",\"@id\":\"https:\/\/stark-fitness.eu\/#website\",\"url\":\"https:\/\/stark-fitness.eu\/\",\"name\":\"STARK Fitness\",\"description\":\"STARK SEIN STARK BLEIBEN.\",\"publisher\":{\"@id\":\"https:\/\/stark-fitness.eu\/#organization\"},\"potentialAction\":[{\"@type\":\"SearchAction\",\"target\":{\"@type\":\"EntryPoint\",\"urlTemplate\":\"https:\/\/stark-fitness.eu\/?s={search_term_string}\"},\"query-input\":{\"@type\":\"PropertyValueSpecification\",\"valueRequired\":true,\"valueName\":\"search_term_string\"}}],\"inLanguage\":\"de\"},{\"@type\":\"Organization\",\"@id\":\"https:\/\/stark-fitness.eu\/#organization\",\"name\":\"STARK Fitness\",\"url\":\"https:\/\/stark-fitness.eu\/\",\"logo\":{\"@type\":\"ImageObject\",\"inLanguage\":\"de\",\"@id\":\"https:\/\/stark-fitness.eu\/#\/schema\/logo\/image\/\",\"url\":\"\/stark-content\/uploads\/2023\/08\/Stark_Lowenkopf_auf_schwarz.png\",\"contentUrl\":\"\/stark-content\/uploads\/2023\/08\/Stark_Lowenkopf_auf_schwarz.png\",\"width\":350,\"height\":350,\"caption\":\"STARK Fitness\"},\"image\":{\"@id\":\"https:\/\/stark-fitness.eu\/#\/schema\/logo\/image\/\"}}]}<\/script>\n<!-- \/ Yoast SEO plugin. -->","yoast_head_json":{"title":"Selfservice D\u00fclken - STARK Fitness","robots":{"index":"index","follow":"follow","max-snippet":"max-snippet:-1","max-image-preview":"max-image-preview:large","max-video-preview":"max-video-preview:-1"},"canonical":"https:\/\/stark-fitness.eu\/index.php\/selfservice-duelken\/","og_locale":"de_DE","og_type":"article","og_title":"Selfservice D\u00fclken - STARK Fitness","og_description":"STARK Selfservice STARK SelfserviceDein direkter Draht zum Studio \u2013 ohne Wartezeit. Ich bin der STARK Selfservice.Hier kannst du viele Studio-Anliegen direkt selbst erledigen \u2013 genauso, als w\u00fcrdest du sie am Service-Counter abgeben. So funktioniert\u2019s: Du w\u00e4hlst eine Aktion oder schreibst dein Anliegen in den Chat Es \u00f6ffnet sich direkt das passende Formular Du f\u00fcllst es [&hellip;]","og_url":"https:\/\/stark-fitness.eu\/index.php\/selfservice-duelken\/","og_site_name":"STARK Fitness","article_modified_time":"2026-02-16T15:35:23+00:00","twitter_card":"summary_large_image","twitter_misc":{"Gesch\u00e4tzte Lesezeit":"1 Minute"},"schema":{"@context":"https:\/\/schema.org","@graph":[{"@type":"WebPage","@id":"https:\/\/stark-fitness.eu\/index.php\/selfservice-duelken\/","url":"https:\/\/stark-fitness.eu\/index.php\/selfservice-duelken\/","name":"Selfservice D\u00fclken - STARK Fitness","isPartOf":{"@id":"https:\/\/stark-fitness.eu\/#website"},"datePublished":"2025-12-09T13:55:59+00:00","dateModified":"2026-02-16T15:35:23+00:00","breadcrumb":{"@id":"https:\/\/stark-fitness.eu\/index.php\/selfservice-duelken\/#breadcrumb"},"inLanguage":"de","potentialAction":[{"@type":"ReadAction","target":["https:\/\/stark-fitness.eu\/index.php\/selfservice-duelken\/"]}]},{"@type":"BreadcrumbList","@id":"https:\/\/stark-fitness.eu\/index.php\/selfservice-duelken\/#breadcrumb","itemListElement":[{"@type":"ListItem","position":1,"name":"Startseite","item":"https:\/\/stark-fitness.eu\/"},{"@type":"ListItem","position":2,"name":"Selfservice D\u00fclken"}]},{"@type":"WebSite","@id":"https:\/\/stark-fitness.eu\/#website","url":"https:\/\/stark-fitness.eu\/","name":"STARK Fitness","description":"STARK SEIN STARK BLEIBEN.","publisher":{"@id":"https:\/\/stark-fitness.eu\/#organization"},"potentialAction":[{"@type":"SearchAction","target":{"@type":"EntryPoint","urlTemplate":"https:\/\/stark-fitness.eu\/?s={search_term_string}"},"query-input":{"@type":"PropertyValueSpecification","valueRequired":true,"valueName":"search_term_string"}}],"inLanguage":"de"},{"@type":"Organization","@id":"https:\/\/stark-fitness.eu\/#organization","name":"STARK Fitness","url":"https:\/\/stark-fitness.eu\/","logo":{"@type":"ImageObject","inLanguage":"de","@id":"https:\/\/stark-fitness.eu\/#\/schema\/logo\/image\/","url":"\/stark-content\/uploads\/2023\/08\/Stark_Lowenkopf_auf_schwarz.png","contentUrl":"\/stark-content\/uploads\/2023\/08\/Stark_Lowenkopf_auf_schwarz.png","width":350,"height":350,"caption":"STARK Fitness"},"image":{"@id":"https:\/\/stark-fitness.eu\/#\/schema\/logo\/image\/"}}]}},"_links":{"self":[{"href":"https:\/\/stark-fitness.eu\/index.php\/wp-json\/wp\/v2\/pages\/4404","targetHints":{"allow":["GET"]}}],"collection":[{"href":"https:\/\/stark-fitness.eu\/index.php\/wp-json\/wp\/v2\/pages"}],"about":[{"href":"https:\/\/stark-fitness.eu\/index.php\/wp-json\/wp\/v2\/types\/page"}],"author":[{"embeddable":true,"href":"https:\/\/stark-fitness.eu\/index.php\/wp-json\/wp\/v2\/users\/1"}],"replies":[{"embeddable":true,"href":"https:\/\/stark-fitness.eu\/index.php\/wp-json\/wp\/v2\/comments?post=4404"}],"version-history":[{"count":25,"href":"https:\/\/stark-fitness.eu\/index.php\/wp-json\/wp\/v2\/pages\/4404\/revisions"}],"predecessor-version":[{"id":4795,"href":"https:\/\/stark-fitness.eu\/index.php\/wp-json\/wp\/v2\/pages\/4404\/revisions\/4795"}],"wp:attachment":[{"href":"https:\/\/stark-fitness.eu\/index.php\/wp-json\/wp\/v2\/media?parent=4404"}],"curies":[{"name":"wp","href":"https:\/\/api.w.org\/{rel}","templated":true}]}}