{"id":976,"date":"2023-11-23T14:57:08","date_gmt":"2023-11-23T14:57:08","guid":{"rendered":"\/?page_id=976"},"modified":"2023-11-27T14:58:30","modified_gmt":"2023-11-27T14:58:30","slug":"unsere-partner","status":"publish","type":"page","link":"https:\/\/stark-fitness.eu\/index.php\/unsere-partner\/","title":{"rendered":"A &#8211; Unsere Partner"},"content":{"rendered":"\t\t<div data-elementor-type=\"wp-page\" data-elementor-id=\"976\" class=\"elementor elementor-976\">\n\t\t\t\t\t\t<section class=\"elementor-section elementor-top-section elementor-element elementor-element-cf10add elementor-section-boxed elementor-section-height-default elementor-section-height-default\" data-id=\"cf10add\" data-element_type=\"section\" data-settings=\"{&quot;background_background&quot;:&quot;classic&quot;}\">\n\t\t\t\t\t\t<div class=\"elementor-container elementor-column-gap-default\">\n\t\t\t\t\t<div class=\"elementor-column elementor-col-100 elementor-top-column elementor-element elementor-element-e61c6f9\" data-id=\"e61c6f9\" data-element_type=\"column\" data-settings=\"{&quot;background_background&quot;:&quot;classic&quot;}\">\n\t\t\t<div class=\"elementor-widget-wrap elementor-element-populated\">\n\t\t\t\t\t\t<div class=\"elementor-element elementor-element-e0f6784 elementor-widget__width-initial elementor-widget elementor-widget-heading\" data-id=\"e0f6784\" data-element_type=\"widget\" data-widget_type=\"heading.default\">\n\t\t\t\t<div class=\"elementor-widget-container\">\n\t\t\t\t\t<h2 class=\"elementor-heading-title elementor-size-default\">Unsere Partner<\/h2>\t\t\t\t<\/div>\n\t\t\t\t<\/div>\n\t\t\t\t\t<\/div>\n\t\t<\/div>\n\t\t\t\t\t<\/div>\n\t\t<\/section>\n\t\t\t\t<section class=\"elementor-section elementor-top-section elementor-element elementor-element-07a7151 elementor-section-boxed elementor-section-height-default elementor-section-height-default\" data-id=\"07a7151\" data-element_type=\"section\" data-settings=\"{&quot;background_background&quot;:&quot;classic&quot;}\">\n\t\t\t\t\t\t<div class=\"elementor-container elementor-column-gap-default\">\n\t\t\t\t\t<div class=\"elementor-column elementor-col-50 elementor-top-column elementor-element elementor-element-7eacadf\" data-id=\"7eacadf\" data-element_type=\"column\" data-settings=\"{&quot;background_background&quot;:&quot;classic&quot;}\">\n\t\t\t<div class=\"elementor-widget-wrap elementor-element-populated\">\n\t\t\t\t\t\t<div class=\"elementor-element elementor-element-0863b51 elementor-widget elementor-widget-image\" data-id=\"0863b51\" data-element_type=\"widget\" data-widget_type=\"image.default\">\n\t\t\t\t<div class=\"elementor-widget-container\">\n\t\t\t\t\t\t\t\t\t\t\t\t\t\t\t\t<a href=\"https:\/\/gym80.de\/\" target=\"_blank\">\n\t\t\t\t\t\t\t<img fetchpriority=\"high\" decoding=\"async\" width=\"600\" height=\"342\" src=\"\/stark-content\/uploads\/2023\/11\/202207281538_gym80_Logo.png\" class=\"attachment-large size-large wp-image-979\" alt=\"\" srcset=\"\/stark-content\/uploads\/2023\/11\/202207281538_gym80_Logo.png 600w, \/stark-content\/uploads\/2023\/11\/202207281538_gym80_Logo-300x171.png 300w\" sizes=\"(max-width: 600px) 100vw, 600px\" \/>\t\t\t\t\t\t\t\t<\/a>\n\t\t\t\t\t\t\t\t\t\t\t\t\t\t\t<\/div>\n\t\t\t\t<\/div>\n\t\t\t\t\t<\/div>\n\t\t<\/div>\n\t\t\t\t<div class=\"elementor-column elementor-col-50 elementor-top-column elementor-element elementor-element-bf01e01\" data-id=\"bf01e01\" data-element_type=\"column\" data-settings=\"{&quot;background_background&quot;:&quot;classic&quot;}\">\n\t\t\t<div class=\"elementor-widget-wrap elementor-element-populated\">\n\t\t\t\t\t\t<div class=\"elementor-element elementor-element-69ad002 elementor-widget elementor-widget-heading\" data-id=\"69ad002\" data-element_type=\"widget\" data-widget_type=\"heading.default\">\n\t\t\t\t<div class=\"elementor-widget-container\">\n\t\t\t\t\t<h2 class=\"elementor-heading-title elementor-size-default\">gym80<\/h2>\t\t\t\t<\/div>\n\t\t\t\t<\/div>\n\t\t\t\t<div class=\"elementor-element elementor-element-5465ea8 elementor-widget-mobile__width-initial elementor-widget elementor-widget-text-editor\" data-id=\"5465ea8\" data-element_type=\"widget\" data-widget_type=\"text-editor.default\">\n\t\t\t\t<div class=\"elementor-widget-container\">\n\t\t\t\t\t\t\t\t\t<p>gym80 ist ein Traditionsunternehmen aus dem Ruhrpott und produziert seit 1980 &#8222;Made in Germany&#8220;. Das Unternehmen entwickelt und produziert Kraftger\u00e4te mit unvergleichbarer Qualit\u00e4t und Haltbarkeit. In ihren Fertigungsprozess kombinieren sie modernste Technik mit traditioneller, meisterlicher Handwerksarbeit. Neben Lasern und Schwei\u00dfrobotern, werden ebenso verschiedenste Handwerker eingesetzt, die es uns erm\u00f6glichen, eine \u00fcber 95% Fertigungstiefe am Standort Gelsenkirchen zu erreichen. Qualit\u00e4t \u201eMade in Germany\u201c zeichnet gym80 aus.<\/p>\t\t\t\t\t\t\t\t<\/div>\n\t\t\t\t<\/div>\n\t\t\t\t<div class=\"elementor-element elementor-element-e3d1069 elementor-widget elementor-widget-button\" data-id=\"e3d1069\" data-element_type=\"widget\" data-widget_type=\"button.default\">\n\t\t\t\t<div class=\"elementor-widget-container\">\n\t\t\t\t\t\t\t\t\t<div class=\"elementor-button-wrapper\">\n\t\t\t\t\t<a class=\"elementor-button elementor-button-link elementor-size-sm\" href=\"https:\/\/gym80.de\/\" target=\"_blank\">\n\t\t\t\t\t\t<span class=\"elementor-button-content-wrapper\">\n\t\t\t\t\t\t\t\t\t<span class=\"elementor-button-text\">Zur Webseite<\/span>\n\t\t\t\t\t<\/span>\n\t\t\t\t\t<\/a>\n\t\t\t\t<\/div>\n\t\t\t\t\t\t\t\t<\/div>\n\t\t\t\t<\/div>\n\t\t\t\t\t<\/div>\n\t\t<\/div>\n\t\t\t\t\t<\/div>\n\t\t<\/section>\n\t\t\t\t<section class=\"elementor-section elementor-top-section elementor-element elementor-element-6a03294 elementor-section-boxed elementor-section-height-default elementor-section-height-default\" data-id=\"6a03294\" data-element_type=\"section\" data-settings=\"{&quot;background_background&quot;:&quot;classic&quot;}\">\n\t\t\t\t\t\t<div class=\"elementor-container elementor-column-gap-default\">\n\t\t\t\t\t<div class=\"elementor-column elementor-col-50 elementor-top-column elementor-element elementor-element-1bedf1f\" data-id=\"1bedf1f\" data-element_type=\"column\" data-settings=\"{&quot;background_background&quot;:&quot;classic&quot;}\">\n\t\t\t<div class=\"elementor-widget-wrap elementor-element-populated\">\n\t\t\t\t\t\t<div class=\"elementor-element elementor-element-eb287a0 elementor-widget elementor-widget-image\" data-id=\"eb287a0\" data-element_type=\"widget\" data-widget_type=\"image.default\">\n\t\t\t\t<div class=\"elementor-widget-container\">\n\t\t\t\t\t\t\t\t\t\t\t\t\t\t\t\t<a href=\"https:\/\/egym.com\/de\" target=\"_blank\">\n\t\t\t\t\t\t\t<img decoding=\"async\" width=\"1024\" height=\"171\" src=\"\/stark-content\/uploads\/2023\/11\/202207281548_EGYM-logo-1024x171.png\" class=\"attachment-large size-large wp-image-981\" alt=\"\" srcset=\"\/stark-content\/uploads\/2023\/11\/202207281548_EGYM-logo-1024x171.png 1024w, \/stark-content\/uploads\/2023\/11\/202207281548_EGYM-logo-300x50.png 300w, \/stark-content\/uploads\/2023\/11\/202207281548_EGYM-logo-768x128.png 768w, \/stark-content\/uploads\/2023\/11\/202207281548_EGYM-logo.png 1404w\" sizes=\"(max-width: 1024px) 100vw, 1024px\" \/>\t\t\t\t\t\t\t\t<\/a>\n\t\t\t\t\t\t\t\t\t\t\t\t\t\t\t<\/div>\n\t\t\t\t<\/div>\n\t\t\t\t\t<\/div>\n\t\t<\/div>\n\t\t\t\t<div class=\"elementor-column elementor-col-50 elementor-top-column elementor-element elementor-element-6daafec\" data-id=\"6daafec\" data-element_type=\"column\" data-settings=\"{&quot;background_background&quot;:&quot;classic&quot;}\">\n\t\t\t<div class=\"elementor-widget-wrap elementor-element-populated\">\n\t\t\t\t\t\t<div class=\"elementor-element elementor-element-71c8ecd elementor-widget elementor-widget-heading\" data-id=\"71c8ecd\" data-element_type=\"widget\" data-widget_type=\"heading.default\">\n\t\t\t\t<div class=\"elementor-widget-container\">\n\t\t\t\t\t<h2 class=\"elementor-heading-title elementor-size-default\">EGYM<\/h2>\t\t\t\t<\/div>\n\t\t\t\t<\/div>\n\t\t\t\t<div class=\"elementor-element elementor-element-9220bfd elementor-widget-mobile__width-initial elementor-widget elementor-widget-text-editor\" data-id=\"9220bfd\" data-element_type=\"widget\" data-widget_type=\"text-editor.default\">\n\t\t\t\t<div class=\"elementor-widget-container\">\n\t\t\t\t\t\t\t\t\t<p>Was darf in einem starken und modernen Studio nicht fehlen? Richtig! EGYM und Smart Flex (ehemalig efle-xx) Fitness Ger\u00e4te!<\/p><p>Das ist Next Level Fitness: Digitale, vollelektronische, vernetzte Fitnessger\u00e4te. Langweiliges und eint\u00f6niges Training an mechanischen Ger\u00e4ten war gestern. Mit dem Zirkel von eGym, lassen sichtbare Trainingserfolge nicht auf sich warten. Die digitalen Fitnessger\u00e4te stellen sich nach der ersten Anpassung automatisch auf Sie ein und schon kann es losgehen. Sicheres Training durch angepasste Trainingsgewichte und die richtige Sitzposition. Ger\u00e4te f\u00fcr fitnessbegeisterte, gesundheitsbewusste und erfolgsorientierte Sportler aller Art.<\/p>\t\t\t\t\t\t\t\t<\/div>\n\t\t\t\t<\/div>\n\t\t\t\t<div class=\"elementor-element elementor-element-81b59a6 elementor-widget elementor-widget-button\" data-id=\"81b59a6\" data-element_type=\"widget\" data-widget_type=\"button.default\">\n\t\t\t\t<div class=\"elementor-widget-container\">\n\t\t\t\t\t\t\t\t\t<div class=\"elementor-button-wrapper\">\n\t\t\t\t\t<a class=\"elementor-button elementor-button-link elementor-size-sm\" href=\"https:\/\/egym.com\/de\" target=\"_blank\">\n\t\t\t\t\t\t<span class=\"elementor-button-content-wrapper\">\n\t\t\t\t\t\t\t\t\t<span class=\"elementor-button-text\">Zur Webseite<\/span>\n\t\t\t\t\t<\/span>\n\t\t\t\t\t<\/a>\n\t\t\t\t<\/div>\n\t\t\t\t\t\t\t\t<\/div>\n\t\t\t\t<\/div>\n\t\t\t\t\t<\/div>\n\t\t<\/div>\n\t\t\t\t\t<\/div>\n\t\t<\/section>\n\t\t\t\t<section class=\"elementor-section elementor-top-section elementor-element elementor-element-460b91a elementor-section-boxed elementor-section-height-default elementor-section-height-default\" data-id=\"460b91a\" data-element_type=\"section\" data-settings=\"{&quot;background_background&quot;:&quot;classic&quot;}\">\n\t\t\t\t\t\t<div class=\"elementor-container elementor-column-gap-default\">\n\t\t\t\t\t<div class=\"elementor-column elementor-col-50 elementor-top-column elementor-element elementor-element-c0dd261\" data-id=\"c0dd261\" data-element_type=\"column\" data-settings=\"{&quot;background_background&quot;:&quot;classic&quot;}\">\n\t\t\t<div class=\"elementor-widget-wrap elementor-element-populated\">\n\t\t\t\t\t\t<div class=\"elementor-element elementor-element-13f9778 elementor-widget elementor-widget-image\" data-id=\"13f9778\" data-element_type=\"widget\" data-widget_type=\"image.default\">\n\t\t\t\t<div class=\"elementor-widget-container\">\n\t\t\t\t\t\t\t\t\t\t\t\t\t\t\t\t<a href=\"https:\/\/www.precor.de\/\" target=\"_blank\">\n\t\t\t\t\t\t\t<img decoding=\"async\" width=\"1000\" height=\"457\" src=\"\/stark-content\/uploads\/2023\/11\/202208031547_Precor-Logo.png\" class=\"attachment-large size-large wp-image-982\" alt=\"\" srcset=\"\/stark-content\/uploads\/2023\/11\/202208031547_Precor-Logo.png 1000w, \/stark-content\/uploads\/2023\/11\/202208031547_Precor-Logo-300x137.png 300w, \/stark-content\/uploads\/2023\/11\/202208031547_Precor-Logo-768x351.png 768w\" sizes=\"(max-width: 1000px) 100vw, 1000px\" \/>\t\t\t\t\t\t\t\t<\/a>\n\t\t\t\t\t\t\t\t\t\t\t\t\t\t\t<\/div>\n\t\t\t\t<\/div>\n\t\t\t\t\t<\/div>\n\t\t<\/div>\n\t\t\t\t<div class=\"elementor-column elementor-col-50 elementor-top-column elementor-element elementor-element-0a7c377\" data-id=\"0a7c377\" data-element_type=\"column\" data-settings=\"{&quot;background_background&quot;:&quot;classic&quot;}\">\n\t\t\t<div class=\"elementor-widget-wrap elementor-element-populated\">\n\t\t\t\t\t\t<div class=\"elementor-element elementor-element-36dc4a8 elementor-widget elementor-widget-heading\" data-id=\"36dc4a8\" data-element_type=\"widget\" data-widget_type=\"heading.default\">\n\t\t\t\t<div class=\"elementor-widget-container\">\n\t\t\t\t\t<h2 class=\"elementor-heading-title elementor-size-default\">gym80<\/h2>\t\t\t\t<\/div>\n\t\t\t\t<\/div>\n\t\t\t\t<div class=\"elementor-element elementor-element-0751552 elementor-widget-mobile__width-initial elementor-widget elementor-widget-text-editor\" data-id=\"0751552\" data-element_type=\"widget\" data-widget_type=\"text-editor.default\">\n\t\t\t\t<div class=\"elementor-widget-container\">\n\t\t\t\t\t\t\t\t\t<p>gym80 ist ein Traditionsunternehmen aus dem Ruhrpott und produziert seit 1980 &#8222;Made in Germany&#8220;. Das Unternehmen entwickelt und produziert Kraftger\u00e4te mit unvergleichbarer Qualit\u00e4t und Haltbarkeit. In ihren Fertigungsprozess kombinieren sie modernste Technik mit traditioneller, meisterlicher Handwerksarbeit. Neben Lasern und Schwei\u00dfrobotern, werden ebenso verschiedenste Handwerker eingesetzt, die es uns erm\u00f6glichen, eine \u00fcber 95% Fertigungstiefe am Standort Gelsenkirchen zu erreichen. Qualit\u00e4t \u201eMade in Germany\u201c zeichnet gym80 aus.<\/p>\t\t\t\t\t\t\t\t<\/div>\n\t\t\t\t<\/div>\n\t\t\t\t<div class=\"elementor-element elementor-element-8ecb297 elementor-widget elementor-widget-button\" data-id=\"8ecb297\" data-element_type=\"widget\" data-widget_type=\"button.default\">\n\t\t\t\t<div class=\"elementor-widget-container\">\n\t\t\t\t\t\t\t\t\t<div class=\"elementor-button-wrapper\">\n\t\t\t\t\t<a class=\"elementor-button elementor-button-link elementor-size-sm\" href=\"https:\/\/www.precor.de\/\" target=\"_blank\">\n\t\t\t\t\t\t<span class=\"elementor-button-content-wrapper\">\n\t\t\t\t\t\t\t\t\t<span class=\"elementor-button-text\">Zur Webseite<\/span>\n\t\t\t\t\t<\/span>\n\t\t\t\t\t<\/a>\n\t\t\t\t<\/div>\n\t\t\t\t\t\t\t\t<\/div>\n\t\t\t\t<\/div>\n\t\t\t\t\t<\/div>\n\t\t<\/div>\n\t\t\t\t\t<\/div>\n\t\t<\/section>\n\t\t\t\t<\/div>\n\t\t","protected":false},"excerpt":{"rendered":"<p>Unsere Partner gym80 gym80 ist ein Traditionsunternehmen aus dem Ruhrpott und produziert seit 1980 &#8222;Made in Germany&#8220;. Das Unternehmen entwickelt und produziert Kraftger\u00e4te mit unvergleichbarer Qualit\u00e4t und Haltbarkeit. In ihren Fertigungsprozess kombinieren sie modernste Technik mit traditioneller, meisterlicher Handwerksarbeit. Neben Lasern und Schwei\u00dfrobotern, werden ebenso verschiedenste Handwerker eingesetzt, die es uns erm\u00f6glichen, eine \u00fcber 95% [&hellip;]<\/p>\n","protected":false},"author":1,"featured_media":0,"parent":0,"menu_order":0,"comment_status":"closed","ping_status":"closed","template":"","meta":{"ocean_post_layout":"full-screen","ocean_both_sidebars_style":"","ocean_both_sidebars_content_width":0,"ocean_both_sidebars_sidebars_width":0,"ocean_sidebar":"","ocean_second_sidebar":"","ocean_disable_margins":"enable","ocean_add_body_class":"","ocean_shortcode_before_top_bar":"","ocean_shortcode_after_top_bar":"","ocean_shortcode_before_header":"","ocean_shortcode_after_header":"","ocean_has_shortcode":"","ocean_shortcode_after_title":"","ocean_shortcode_before_footer_widgets":"","ocean_shortcode_after_footer_widgets":"","ocean_shortcode_before_footer_bottom":"","ocean_shortcode_after_footer_bottom":"","ocean_display_top_bar":"off","ocean_display_header":"off","ocean_header_style":"","ocean_center_header_left_menu":"","ocean_custom_header_template":"","ocean_custom_logo":0,"ocean_custom_retina_logo":0,"ocean_custom_logo_max_width":0,"ocean_custom_logo_tablet_max_width":0,"ocean_custom_logo_mobile_max_width":0,"ocean_custom_logo_max_height":0,"ocean_custom_logo_tablet_max_height":0,"ocean_custom_logo_mobile_max_height":0,"ocean_header_custom_menu":"5","ocean_menu_typo_font_family":"","ocean_menu_typo_font_subset":"","ocean_menu_typo_font_size":0,"ocean_menu_typo_font_size_tablet":0,"ocean_menu_typo_font_size_mobile":0,"ocean_menu_typo_font_size_unit":"px","ocean_menu_typo_font_weight":"","ocean_menu_typo_font_weight_tablet":"","ocean_menu_typo_font_weight_mobile":"","ocean_menu_typo_transform":"","ocean_menu_typo_transform_tablet":"","ocean_menu_typo_transform_mobile":"","ocean_menu_typo_line_height":0,"ocean_menu_typo_line_height_tablet":0,"ocean_menu_typo_line_height_mobile":0,"ocean_menu_typo_line_height_unit":"","ocean_menu_typo_spacing":0,"ocean_menu_typo_spacing_tablet":0,"ocean_menu_typo_spacing_mobile":0,"ocean_menu_typo_spacing_unit":"","ocean_menu_link_color":"","ocean_menu_link_color_hover":"","ocean_menu_link_color_active":"","ocean_menu_link_background":"","ocean_menu_link_hover_background":"","ocean_menu_link_active_background":"","ocean_menu_social_links_bg":"","ocean_menu_social_hover_links_bg":"","ocean_menu_social_links_color":"","ocean_menu_social_hover_links_color":"","ocean_disable_title":"on","ocean_disable_heading":"default","ocean_post_title":"","ocean_post_subheading":"","ocean_post_title_style":"","ocean_post_title_background_color":"","ocean_post_title_background":0,"ocean_post_title_bg_image_position":"","ocean_post_title_bg_image_attachment":"","ocean_post_title_bg_image_repeat":"","ocean_post_title_bg_image_size":"","ocean_post_title_height":0,"ocean_post_title_bg_overlay":0.5,"ocean_post_title_bg_overlay_color":"","ocean_disable_breadcrumbs":"default","ocean_breadcrumbs_color":"","ocean_breadcrumbs_separator_color":"","ocean_breadcrumbs_links_color":"","ocean_breadcrumbs_links_hover_color":"","ocean_display_footer_widgets":"off","ocean_display_footer_bottom":"off","ocean_custom_footer_template":"","footnotes":""},"class_list":["post-976","page","type-page","status-publish","hentry","entry"],"yoast_head":"<!-- This site is optimized with the Yoast SEO plugin v24.2 - https:\/\/yoast.com\/wordpress\/plugins\/seo\/ -->\n<title>A - Unsere Partner - STARK Fitness<\/title>\n<meta name=\"robots\" content=\"index, follow, max-snippet:-1, max-image-preview:large, max-video-preview:-1\" \/>\n<link rel=\"canonical\" href=\"https:\/\/stark-fitness.eu\/index.php\/unsere-partner\/\" \/>\n<meta property=\"og:locale\" content=\"de_DE\" \/>\n<meta property=\"og:type\" content=\"article\" \/>\n<meta property=\"og:title\" content=\"A - Unsere Partner - STARK Fitness\" \/>\n<meta property=\"og:description\" content=\"Unsere Partner gym80 gym80 ist ein Traditionsunternehmen aus dem Ruhrpott und produziert seit 1980 &#8222;Made in Germany&#8220;. Das Unternehmen entwickelt und produziert Kraftger\u00e4te mit unvergleichbarer Qualit\u00e4t und Haltbarkeit. In ihren Fertigungsprozess kombinieren sie modernste Technik mit traditioneller, meisterlicher Handwerksarbeit. Neben Lasern und Schwei\u00dfrobotern, werden ebenso verschiedenste Handwerker eingesetzt, die es uns erm\u00f6glichen, eine \u00fcber 95% [&hellip;]\" \/>\n<meta property=\"og:url\" content=\"https:\/\/stark-fitness.eu\/index.php\/unsere-partner\/\" \/>\n<meta property=\"og:site_name\" content=\"STARK Fitness\" \/>\n<meta property=\"article:modified_time\" content=\"2023-11-27T14:58:30+00:00\" \/>\n<meta name=\"twitter:card\" content=\"summary_large_image\" \/>\n<meta name=\"twitter:label1\" content=\"Gesch\u00e4tzte Lesezeit\" \/>\n\t<meta name=\"twitter:data1\" content=\"1 Minute\" \/>\n<script type=\"application\/ld+json\" class=\"yoast-schema-graph\">{\"@context\":\"https:\/\/schema.org\",\"@graph\":[{\"@type\":\"WebPage\",\"@id\":\"https:\/\/stark-fitness.eu\/index.php\/unsere-partner\/\",\"url\":\"https:\/\/stark-fitness.eu\/index.php\/unsere-partner\/\",\"name\":\"A - Unsere Partner - STARK Fitness\",\"isPartOf\":{\"@id\":\"https:\/\/stark-fitness.eu\/#website\"},\"datePublished\":\"2023-11-23T14:57:08+00:00\",\"dateModified\":\"2023-11-27T14:58:30+00:00\",\"breadcrumb\":{\"@id\":\"https:\/\/stark-fitness.eu\/index.php\/unsere-partner\/#breadcrumb\"},\"inLanguage\":\"de\",\"potentialAction\":[{\"@type\":\"ReadAction\",\"target\":[\"https:\/\/stark-fitness.eu\/index.php\/unsere-partner\/\"]}]},{\"@type\":\"BreadcrumbList\",\"@id\":\"https:\/\/stark-fitness.eu\/index.php\/unsere-partner\/#breadcrumb\",\"itemListElement\":[{\"@type\":\"ListItem\",\"position\":1,\"name\":\"Startseite\",\"item\":\"https:\/\/stark-fitness.eu\/\"},{\"@type\":\"ListItem\",\"position\":2,\"name\":\"A &#8211; Unsere Partner\"}]},{\"@type\":\"WebSite\",\"@id\":\"https:\/\/stark-fitness.eu\/#website\",\"url\":\"https:\/\/stark-fitness.eu\/\",\"name\":\"STARK Fitness\",\"description\":\"STARK SEIN STARK BLEIBEN.\",\"publisher\":{\"@id\":\"https:\/\/stark-fitness.eu\/#organization\"},\"potentialAction\":[{\"@type\":\"SearchAction\",\"target\":{\"@type\":\"EntryPoint\",\"urlTemplate\":\"https:\/\/stark-fitness.eu\/?s={search_term_string}\"},\"query-input\":{\"@type\":\"PropertyValueSpecification\",\"valueRequired\":true,\"valueName\":\"search_term_string\"}}],\"inLanguage\":\"de\"},{\"@type\":\"Organization\",\"@id\":\"https:\/\/stark-fitness.eu\/#organization\",\"name\":\"STARK Fitness\",\"url\":\"https:\/\/stark-fitness.eu\/\",\"logo\":{\"@type\":\"ImageObject\",\"inLanguage\":\"de\",\"@id\":\"https:\/\/stark-fitness.eu\/#\/schema\/logo\/image\/\",\"url\":\"\/stark-content\/uploads\/2023\/08\/Stark_Lowenkopf_auf_schwarz.png\",\"contentUrl\":\"\/stark-content\/uploads\/2023\/08\/Stark_Lowenkopf_auf_schwarz.png\",\"width\":350,\"height\":350,\"caption\":\"STARK Fitness\"},\"image\":{\"@id\":\"https:\/\/stark-fitness.eu\/#\/schema\/logo\/image\/\"}}]}<\/script>\n<!-- \/ Yoast SEO plugin. -->","yoast_head_json":{"title":"A - Unsere Partner - STARK Fitness","robots":{"index":"index","follow":"follow","max-snippet":"max-snippet:-1","max-image-preview":"max-image-preview:large","max-video-preview":"max-video-preview:-1"},"canonical":"https:\/\/stark-fitness.eu\/index.php\/unsere-partner\/","og_locale":"de_DE","og_type":"article","og_title":"A - Unsere Partner - STARK Fitness","og_description":"Unsere Partner gym80 gym80 ist ein Traditionsunternehmen aus dem Ruhrpott und produziert seit 1980 &#8222;Made in Germany&#8220;. Das Unternehmen entwickelt und produziert Kraftger\u00e4te mit unvergleichbarer Qualit\u00e4t und Haltbarkeit. In ihren Fertigungsprozess kombinieren sie modernste Technik mit traditioneller, meisterlicher Handwerksarbeit. Neben Lasern und Schwei\u00dfrobotern, werden ebenso verschiedenste Handwerker eingesetzt, die es uns erm\u00f6glichen, eine \u00fcber 95% [&hellip;]","og_url":"https:\/\/stark-fitness.eu\/index.php\/unsere-partner\/","og_site_name":"STARK Fitness","article_modified_time":"2023-11-27T14:58:30+00:00","twitter_card":"summary_large_image","twitter_misc":{"Gesch\u00e4tzte Lesezeit":"1 Minute"},"schema":{"@context":"https:\/\/schema.org","@graph":[{"@type":"WebPage","@id":"https:\/\/stark-fitness.eu\/index.php\/unsere-partner\/","url":"https:\/\/stark-fitness.eu\/index.php\/unsere-partner\/","name":"A - Unsere Partner - STARK Fitness","isPartOf":{"@id":"https:\/\/stark-fitness.eu\/#website"},"datePublished":"2023-11-23T14:57:08+00:00","dateModified":"2023-11-27T14:58:30+00:00","breadcrumb":{"@id":"https:\/\/stark-fitness.eu\/index.php\/unsere-partner\/#breadcrumb"},"inLanguage":"de","potentialAction":[{"@type":"ReadAction","target":["https:\/\/stark-fitness.eu\/index.php\/unsere-partner\/"]}]},{"@type":"BreadcrumbList","@id":"https:\/\/stark-fitness.eu\/index.php\/unsere-partner\/#breadcrumb","itemListElement":[{"@type":"ListItem","position":1,"name":"Startseite","item":"https:\/\/stark-fitness.eu\/"},{"@type":"ListItem","position":2,"name":"A &#8211; Unsere Partner"}]},{"@type":"WebSite","@id":"https:\/\/stark-fitness.eu\/#website","url":"https:\/\/stark-fitness.eu\/","name":"STARK Fitness","description":"STARK SEIN STARK BLEIBEN.","publisher":{"@id":"https:\/\/stark-fitness.eu\/#organization"},"potentialAction":[{"@type":"SearchAction","target":{"@type":"EntryPoint","urlTemplate":"https:\/\/stark-fitness.eu\/?s={search_term_string}"},"query-input":{"@type":"PropertyValueSpecification","valueRequired":true,"valueName":"search_term_string"}}],"inLanguage":"de"},{"@type":"Organization","@id":"https:\/\/stark-fitness.eu\/#organization","name":"STARK Fitness","url":"https:\/\/stark-fitness.eu\/","logo":{"@type":"ImageObject","inLanguage":"de","@id":"https:\/\/stark-fitness.eu\/#\/schema\/logo\/image\/","url":"\/stark-content\/uploads\/2023\/08\/Stark_Lowenkopf_auf_schwarz.png","contentUrl":"\/stark-content\/uploads\/2023\/08\/Stark_Lowenkopf_auf_schwarz.png","width":350,"height":350,"caption":"STARK Fitness"},"image":{"@id":"https:\/\/stark-fitness.eu\/#\/schema\/logo\/image\/"}}]}},"_links":{"self":[{"href":"https:\/\/stark-fitness.eu\/index.php\/wp-json\/wp\/v2\/pages\/976","targetHints":{"allow":["GET"]}}],"collection":[{"href":"https:\/\/stark-fitness.eu\/index.php\/wp-json\/wp\/v2\/pages"}],"about":[{"href":"https:\/\/stark-fitness.eu\/index.php\/wp-json\/wp\/v2\/types\/page"}],"author":[{"embeddable":true,"href":"https:\/\/stark-fitness.eu\/index.php\/wp-json\/wp\/v2\/users\/1"}],"replies":[{"embeddable":true,"href":"https:\/\/stark-fitness.eu\/index.php\/wp-json\/wp\/v2\/comments?post=976"}],"version-history":[{"count":41,"href":"https:\/\/stark-fitness.eu\/index.php\/wp-json\/wp\/v2\/pages\/976\/revisions"}],"predecessor-version":[{"id":2277,"href":"https:\/\/stark-fitness.eu\/index.php\/wp-json\/wp\/v2\/pages\/976\/revisions\/2277"}],"wp:attachment":[{"href":"https:\/\/stark-fitness.eu\/index.php\/wp-json\/wp\/v2\/media?parent=976"}],"curies":[{"name":"wp","href":"https:\/\/api.w.org\/{rel}","templated":true}]}}